{"id":4825,"date":"2020-09-29T10:09:58","date_gmt":"2020-09-29T10:09:58","guid":{"rendered":"http:\/\/www.johopyro.fi\/shop\/?page_id=4825"},"modified":"2020-10-05T11:49:15","modified_gmt":"2020-10-05T11:49:15","slug":"rad-och-tips","status":"publish","type":"page","link":"https:\/\/www.johopyro.fi\/shop\/sv\/rad-och-tips\/","title":{"rendered":"R\u00e5d och tips"},"content":{"rendered":"\t\t<div data-elementor-type=\"wp-page\" data-elementor-id=\"4825\" class=\"elementor elementor-4825 elementor-4564\" data-elementor-settings=\"[]\">\n\t\t\t\t\t\t<div class=\"elementor-inner\">\n\t\t\t\t\t\t\t<div class=\"elementor-section-wrap\">\n\t\t\t\t\t\t\t<section class=\"elementor-section elementor-top-section elementor-element elementor-element-cf2b688 elementor-section-boxed elementor-section-height-default elementor-section-height-default\" data-id=\"cf2b688\" data-element_type=\"section\" data-settings=\"{&quot;background_background&quot;:&quot;classic&quot;}\">\n\t\t\t\t\t\t\t<div class=\"elementor-background-overlay\"><\/div>\n\t\t\t\t\t\t\t<div class=\"elementor-container elementor-column-gap-default\">\n\t\t\t\t\t\t\t<div class=\"elementor-row\">\n\t\t\t\t\t<div class=\"elementor-column elementor-col-100 elementor-top-column elementor-element elementor-element-76d7e7e\" data-id=\"76d7e7e\" data-element_type=\"column\">\n\t\t\t<div class=\"elementor-column-wrap elementor-element-populated\">\n\t\t\t\t\t\t\t<div class=\"elementor-widget-wrap\">\n\t\t\t\t\t\t<div class=\"elementor-element elementor-element-e29bbfe elementor-widget elementor-widget-heading\" data-id=\"e29bbfe\" data-element_type=\"widget\" data-widget_type=\"heading.default\">\n\t\t\t\t<div class=\"elementor-widget-container\">\n\t\t\t<h2 class=\"elementor-heading-title elementor-size-default\">R\u00e5d och tips<\/h2>\t\t<\/div>\n\t\t\t\t<\/div>\n\t\t\t\t\t\t<\/div>\n\t\t\t\t\t<\/div>\n\t\t<\/div>\n\t\t\t\t\t\t\t\t<\/div>\n\t\t\t\t\t<\/div>\n\t\t<\/section>\n\t\t\t\t<section class=\"elementor-section elementor-top-section elementor-element elementor-element-abbf631 elementor-section-boxed elementor-section-height-default elementor-section-height-default\" data-id=\"abbf631\" data-element_type=\"section\" data-settings=\"{&quot;background_background&quot;:&quot;classic&quot;}\">\n\t\t\t\t\t\t<div class=\"elementor-container elementor-column-gap-default\">\n\t\t\t\t\t\t\t<div class=\"elementor-row\">\n\t\t\t\t\t<div class=\"elementor-column elementor-col-100 elementor-top-column elementor-element elementor-element-1ec28b6\" data-id=\"1ec28b6\" data-element_type=\"column\">\n\t\t\t<div class=\"elementor-column-wrap elementor-element-populated\">\n\t\t\t\t\t\t\t<div class=\"elementor-widget-wrap\">\n\t\t\t\t\t\t<div class=\"elementor-element elementor-element-20da5a7 elementor-widget elementor-widget-text-editor\" data-id=\"20da5a7\" data-element_type=\"widget\" data-widget_type=\"text-editor.default\">\n\t\t\t\t<div class=\"elementor-widget-container\">\n\t\t\t\t\t\t\t\t<div class=\"elementor-text-editor elementor-clearfix\">\n\t\t\t\t<h3>Komprimerat om s\u00e4kerhet<\/h3><ol><li><strong>Packa upp dina fyrverkeripj\u00e4ser i god tid, inspektera att alla \u00e4r hela, l\u00e4s de f\u00f6reskrifter som finns p\u00e5 varje pj\u00e4s. Notera skyddsavst\u00e5ndet!<\/strong><\/li><li><strong>T\u00e4nk p\u00e5 brandfaran. Ingen eld n\u00e4ra pj\u00e4serna. R\u00f6k inte<\/strong><\/li><li><strong>F\u00f6rbered fyrverkeriet i god tid. <\/strong><\/li><li><strong>T\u00e4nk p\u00e5 och ber\u00e4tta var publiken skall st\u00e5, s\u00e5 att de \u00e4r p\u00e5 beh\u00f6rigt avst\u00e5nd (= l\u00e4ngsta skyddsavst\u00e5ndet). <\/strong><\/li><li><strong>Anv\u00e4nd skyddsglas\u00f6gon, g\u00e4rna ocks\u00e5 \u00e5t publiken. H\u00f6rselskydd \u00e5t barnen. <\/strong><\/li><li><strong>St\u00f6d alltid batterier<\/strong><\/li><li><strong>T\u00e4nd aldrig pj\u00e4ser i handen<\/strong><\/li><li><strong>L\u00e5t blindg\u00e5ngare st\u00e5 i minst 5 minuter. Titta inte i h\u00e5let, h\u00e4ll vatten i r\u00f6ret.<\/strong><\/li><li><strong>H\u00e5ll aldrig kroppsdelar \u00f6ver en pj\u00e4s n\u00e4r du t\u00e4nder. Huvudet \u00e4r ocks\u00e5 en kroppsdel. <\/strong><\/li><li><strong>Returnera defekta pj\u00e4ser till platsen var du k\u00f6pt dem. De \u00e4r f\u00f6rpliktigade att ta emot dem. <\/strong><\/li><\/ol><p>Vi tror du gillar fyrverkerier d\u00e5 du har k\u00f6pt JoHo Pyros produkter. Du har s\u00e4kert ocks\u00e5 ambitioner att f\u00e5 din show att se bra ut. H\u00e4r nedan komprimerade tips som kan \u00f6ka s\u00e4kerheten och ge showen mer flyt. L\u00e4s mer p\u00e5 webbsidorna f\u00f6r djupare information om fyrverkerier.<\/p><p><strong>F\u00f6rbered ditt fyrverkeri i god tid.<\/strong> Planera din skjutordning. B\u00f6rja f\u00f6rsiktigare eller med en \u00f6verraskning, mer \u00f6s i finalen. Bygg, s\u00f6k fram eller skaffa alla st\u00e4llningar du beh\u00f6ver f\u00f6r att st\u00f6dja, eller anv\u00e4nds som raketst\u00e4llningar..<\/p><p><strong>Kolla platsen d\u00e4r du skall skjuta.<\/strong> Finns det plats, sprid ut pj\u00e4serna p\u00e5 ett st\u00f6rre omr\u00e5de s\u00e5 att du kan t\u00e4nda dem i ordning utan att utan att beh\u00f6va ta skydd mellan t\u00e4ndningarna. \u00c4r det ont om plats f\u00f6rdela pj\u00e4serna p\u00e5 tv\u00e5 st\u00e4llen; varannan t\u00e4ndning till h\u00f6ger, varannan till v\u00e4nster.<\/p><p><strong>Kontrollera att pj\u00e4serna sitter r\u00e4tt f\u00f6r att kunna skjutas: \u201cRaketer skall sitta l\u00f6st, batterier skall sitta fast\u201d.<\/strong><\/p><ul><li><strong>Kontrollera att raketernas k\u00e4ppar l\u00f6per l\u00e4tt<\/strong> i den st\u00e4llning fr\u00e5n vilken du skjuter. St\u00e5r k\u00e4pparna h\u00e5rt lutande i en grund st\u00e4llning s\u00e5 k\u00e4rvar k\u00e4ppen och pj\u00e4sen exploderar p\u00e5 markniv\u00e5<\/li><li><strong>Batterier och one-shots f\u00e5r INTE v\u00e4lta d\u00e5 de skjuter.<\/strong> Pj\u00e4serna sparkar bakut och om underlaget inte \u00e4r absolut j\u00e4mnt, stadigt, torrt och fast s\u00e5 kan de v\u00e4lta. Eftersom dessa krav s\u00e4llan uppfylls, ta som regel att alltid s\u00e4kerst\u00e4lla att pj\u00e4ser h\u00e5lls st\u00e5ende d\u00e5 de skjuter. Speciellt sm\u00e5 batterier m\u00e5ste alltid st\u00f6djas, ett stort batteri \u00e4r stadigare pga sin tyngd och st\u00f6rre bottenyta, om den st\u00e5r p\u00e5 ett sl\u00e4tt, torrt och fast underlag.<\/li><li>S\u00e4tt sand omkring. Tejpa fast (med \u201csilvertejp\u201d) i en stolpe som du sl\u00e5r ner i marken. Ta en l\u00e5da eller hink och s\u00e4tt sand i den. Bygg en l\u00e5da av plank som st\u00f6der. Det finns m\u00e5nga s\u00e4tt.<\/li><li><strong>St\u00e4ll upp i skjutordning,<\/strong> b\u00f6rja n\u00e4rmast publiken och st\u00e4ll upp s\u00e5 du kan vandra vidare utan fara och t\u00e4nda n\u00e4sta. St\u00e4ll ut pj\u00e4serna i god tid men l\u00e5t dem inte st\u00e5 i regnet utan t\u00e4ck \u00f6ver dem med plast. T\u00e4nk p\u00e5 bevakningen.<\/li><li><strong>G\u00f6r det till en show.<\/strong> Be barnen v\u00e4lja musiken. Ber\u00e4tta vad din show heter, vem som jobbat med den och vem den \u00e4r till\u00e4gnad. Skapa sp\u00e4nning och f\u00f6rv\u00e4ntning &#8211; skjut sedan.<\/li><li><strong>N\u00e4r du skall skjuta, anv\u00e4nd h\u00f6rselskydd, skyddsglas\u00f6gon, g\u00e4rna hj\u00e4lm med visir, och kl\u00e4der som ej fattar eld (bomul, inte syntet).<\/strong><\/li><\/ul><p><strong>N\u00e4r du skjuter<\/strong><\/p><ul><li><strong>T\u00e4nd p\u00e5 \u00e4ndan av stubinen.<\/strong> T\u00e4nd inte om du redan \u201ct\u00e4nt p\u00e5\u201d. Anv\u00e4nd helst en t\u00e4ndpinne. Om du anv\u00e4nder en gasbr\u00e4nnare h\u00e5ll l\u00e5gan i vinkel mot stubinens \u00e4nda, inte riktat mot pj\u00e4sen.<\/li><li>H\u00e5ll ingen paus mellan pj\u00e4serna och \u00f6ka tempot mot slutet. Pj\u00e4serna har en s\u00e4kerhetsstubin som brinner ca 7 sek. Ta reda p\u00e5 hur l\u00e4nge varje pj\u00e4s fungerar s\u00e5 hinner du t\u00e4nda p\u00e5 f\u00f6ljande f\u00f6rr\u00e4n den f\u00f6reg\u00e5ende slutar.<\/li><li>Skall du ha ett bra fyrverkeri f\u00f6r publiken, m\u00e5ste du ofta offra dina egna chanser att njuta. Men ist\u00e4llet vinner du om\u00e4tlig \u00e4ra och ber\u00f6mmelse f\u00f6r din show.<\/li><\/ul>\t\t\t\t\t<\/div>\n\t\t\t\t\t\t<\/div>\n\t\t\t\t<\/div>\n\t\t\t\t\t\t<\/div>\n\t\t\t\t\t<\/div>\n\t\t<\/div>\n\t\t\t\t\t\t\t\t<\/div>\n\t\t\t\t\t<\/div>\n\t\t<\/section>\n\t\t\t\t\t\t<\/div>\n\t\t\t\t\t\t<\/div>\n\t\t\t\t\t<\/div>\n\t\t","protected":false},"excerpt":{"rendered":"<p>R\u00e5d och tips Komprimerat om s\u00e4kerhet Packa upp dina fyrverkeripj\u00e4ser i god tid, inspektera att alla \u00e4r hela, l\u00e4s de f\u00f6reskrifter som finns p\u00e5 varje pj\u00e4s. Notera skyddsavst\u00e5ndet! T\u00e4nk p\u00e5 brandfaran. Ingen eld n\u00e4ra pj\u00e4serna. R\u00f6k inte F\u00f6rbered fyrverkeriet i god tid. T\u00e4nk p\u00e5 och ber\u00e4tta var publiken skall st\u00e5, s\u00e5 att de \u00e4r p\u00e5 [&hellip;]<\/p>\n","protected":false},"author":1,"featured_media":0,"parent":0,"menu_order":0,"comment_status":"closed","ping_status":"closed","template":"elementor_header_footer","meta":{"spay_email":""},"_links":{"self":[{"href":"https:\/\/www.johopyro.fi\/shop\/sv\/wp-json\/wp\/v2\/pages\/4825"}],"collection":[{"href":"https:\/\/www.johopyro.fi\/shop\/sv\/wp-json\/wp\/v2\/pages"}],"about":[{"href":"https:\/\/www.johopyro.fi\/shop\/sv\/wp-json\/wp\/v2\/types\/page"}],"author":[{"embeddable":true,"href":"https:\/\/www.johopyro.fi\/shop\/sv\/wp-json\/wp\/v2\/users\/1"}],"replies":[{"embeddable":true,"href":"https:\/\/www.johopyro.fi\/shop\/sv\/wp-json\/wp\/v2\/comments?post=4825"}],"version-history":[{"count":5,"href":"https:\/\/www.johopyro.fi\/shop\/sv\/wp-json\/wp\/v2\/pages\/4825\/revisions"}],"predecessor-version":[{"id":4930,"href":"https:\/\/www.johopyro.fi\/shop\/sv\/wp-json\/wp\/v2\/pages\/4825\/revisions\/4930"}],"wp:attachment":[{"href":"https:\/\/www.johopyro.fi\/shop\/sv\/wp-json\/wp\/v2\/media?parent=4825"}],"curies":[{"name":"wp","href":"https:\/\/api.w.org\/{rel}","templated":true}]}}