{"id":4854,"date":"2020-09-29T10:42:46","date_gmt":"2020-09-29T10:42:46","guid":{"rendered":"http:\/\/www.johopyro.fi\/shop\/?page_id=4854"},"modified":"2022-12-23T19:51:58","modified_gmt":"2022-12-23T19:51:58","slug":"foretag","status":"publish","type":"page","link":"https:\/\/www.johopyro.fi\/shop\/sv\/foretag\/","title":{"rendered":"F\u00f6retag och kontaktuppgifter"},"content":{"rendered":"\t\t<div data-elementor-type=\"wp-page\" data-elementor-id=\"4854\" class=\"elementor elementor-4854 elementor-4758\" data-elementor-settings=\"[]\">\n\t\t\t\t\t\t<div class=\"elementor-inner\">\n\t\t\t\t\t\t\t<div class=\"elementor-section-wrap\">\n\t\t\t\t\t\t\t<section class=\"elementor-section elementor-top-section elementor-element elementor-element-cf2b688 elementor-section-boxed elementor-section-height-default elementor-section-height-default\" data-id=\"cf2b688\" data-element_type=\"section\" data-settings=\"{&quot;background_background&quot;:&quot;classic&quot;}\">\n\t\t\t\t\t\t\t<div class=\"elementor-background-overlay\"><\/div>\n\t\t\t\t\t\t\t<div class=\"elementor-container elementor-column-gap-default\">\n\t\t\t\t\t\t\t<div class=\"elementor-row\">\n\t\t\t\t\t<div class=\"elementor-column elementor-col-100 elementor-top-column elementor-element elementor-element-76d7e7e\" data-id=\"76d7e7e\" data-element_type=\"column\">\n\t\t\t<div class=\"elementor-column-wrap elementor-element-populated\">\n\t\t\t\t\t\t\t<div class=\"elementor-widget-wrap\">\n\t\t\t\t\t\t<div class=\"elementor-element elementor-element-e29bbfe elementor-widget elementor-widget-heading\" data-id=\"e29bbfe\" data-element_type=\"widget\" data-widget_type=\"heading.default\">\n\t\t\t\t<div class=\"elementor-widget-container\">\n\t\t\t<h2 class=\"elementor-heading-title elementor-size-default\">F\u00f6retag och kontaktuppgifter<\/h2>\t\t<\/div>\n\t\t\t\t<\/div>\n\t\t\t\t\t\t<\/div>\n\t\t\t\t\t<\/div>\n\t\t<\/div>\n\t\t\t\t\t\t\t\t<\/div>\n\t\t\t\t\t<\/div>\n\t\t<\/section>\n\t\t\t\t<section class=\"elementor-section elementor-top-section elementor-element elementor-element-abbf631 elementor-section-boxed elementor-section-height-default elementor-section-height-default\" data-id=\"abbf631\" data-element_type=\"section\" data-settings=\"{&quot;background_background&quot;:&quot;classic&quot;}\">\n\t\t\t\t\t\t<div class=\"elementor-container elementor-column-gap-wider\">\n\t\t\t\t\t\t\t<div class=\"elementor-row\">\n\t\t\t\t\t<div class=\"elementor-column elementor-col-50 elementor-top-column elementor-element elementor-element-1ec28b6\" data-id=\"1ec28b6\" data-element_type=\"column\">\n\t\t\t<div class=\"elementor-column-wrap elementor-element-populated\">\n\t\t\t\t\t\t\t<div class=\"elementor-widget-wrap\">\n\t\t\t\t\t\t<div class=\"elementor-element elementor-element-20da5a7 elementor-widget elementor-widget-text-editor\" data-id=\"20da5a7\" data-element_type=\"widget\" data-widget_type=\"text-editor.default\">\n\t\t\t\t<div class=\"elementor-widget-container\">\n\t\t\t\t\t\t\t\t<div class=\"elementor-text-editor elementor-clearfix\">\n\t\t\t\t<p>JoHo Pyro har s\u00e4te i Marienhamn, \u00c5land, och producerar shower med pyroteknik och fyrverkeri p\u00e5 \u00c5land, p\u00e5 finska fastlandet och internationellt. JoHo Pyro tar in professionella fyrverkeri- och pyroteknikprodukter till Finland fr\u00e5n kvalitetsproducenter i Europa och Kina, och levererar \u00e4ven professionella produkter till andra showproducenter i Finland.<\/p>\n<p>JoHo Pyro importerar ochs\u00e5 konsumentfyrverkeripj\u00e4ser som s\u00e4ljs via olika kanaler i Sverige och Finland. \u00c4ven vid val av dessa produkter str\u00e4var JoHo Pyro efter att fylla samma showm\u00e4ssiga kvalitetskrav som g\u00e4ller f\u00f6r proffspj\u00e4serna.<\/p>\n<p><a href=\"http:\/\/www.johopyro.fi\/\" target=\"_blank\" rel=\"noopener noreferrer\">L\u00e4s mer p\u00e5 johopyro.fi<\/a><\/p>\n<p><strong>Joho Pyro Professional Fireworks Ab<\/strong><br>Noras Gr\u00e4nd 8 B<br>AX-22120 Mariehamn<br>joho@aland.net<\/p>\n<p>FO-nummer: 2934484-3<\/p>\t\t\t\t\t<\/div>\n\t\t\t\t\t\t<\/div>\n\t\t\t\t<\/div>\n\t\t\t\t\t\t<\/div>\n\t\t\t\t\t<\/div>\n\t\t<\/div>\n\t\t\t\t<div class=\"elementor-column elementor-col-50 elementor-top-column elementor-element elementor-element-858ed65\" data-id=\"858ed65\" data-element_type=\"column\">\n\t\t\t<div class=\"elementor-column-wrap elementor-element-populated\">\n\t\t\t\t\t\t\t<div class=\"elementor-widget-wrap\">\n\t\t\t\t\t\t<div class=\"elementor-element elementor-element-cc4955f elementor-widget elementor-widget-text-editor\" data-id=\"cc4955f\" data-element_type=\"widget\" data-widget_type=\"text-editor.default\">\n\t\t\t\t<div class=\"elementor-widget-container\">\n\t\t\t\t\t\t\t\t<div class=\"elementor-text-editor elementor-clearfix\">\n\t\t\t\t<h3>Kundservice<\/h3><p><strong>Svenska \/ In English<br \/><\/strong>Joho Pyro<br \/>040 516 8431<br \/><a href=\"mailto:joho@aland.net\">joho@aland.net<\/a><\/p>\t\t\t\t\t<\/div>\n\t\t\t\t\t\t<\/div>\n\t\t\t\t<\/div>\n\t\t\t\t<div class=\"elementor-element elementor-element-280d1f7 e-grid-align-left elementor-shape-rounded elementor-grid-0 elementor-widget elementor-widget-social-icons\" data-id=\"280d1f7\" data-element_type=\"widget\" data-widget_type=\"social-icons.default\">\n\t\t\t\t<div class=\"elementor-widget-container\">\n\t\t\t\t\t<div class=\"elementor-social-icons-wrapper elementor-grid\">\n\t\t\t\t\t\t\t<span class=\"elementor-grid-item\">\n\t\t\t\t\t<a class=\"elementor-icon elementor-social-icon elementor-social-icon-facebook-f elementor-repeater-item-9f75ed3\" href=\"https:\/\/www.facebook.com\/JoHoPyro\/\" target=\"_blank\">\n\t\t\t\t\t\t<span class=\"elementor-screen-only\">Facebook-f<\/span>\n\t\t\t\t\t\t<i class=\"fab fa-facebook-f\"><\/i>\t\t\t\t\t<\/a>\n\t\t\t\t<\/span>\n\t\t\t\t\t\t\t<span class=\"elementor-grid-item\">\n\t\t\t\t\t<a class=\"elementor-icon elementor-social-icon elementor-social-icon-vimeo-v elementor-repeater-item-f161c2a\" href=\"https:\/\/vimeo.com\/johopyro\" target=\"_blank\">\n\t\t\t\t\t\t<span class=\"elementor-screen-only\">Vimeo-v<\/span>\n\t\t\t\t\t\t<i class=\"fab fa-vimeo-v\"><\/i>\t\t\t\t\t<\/a>\n\t\t\t\t<\/span>\n\t\t\t\t\t<\/div>\n\t\t\t\t<\/div>\n\t\t\t\t<\/div>\n\t\t\t\t\t\t<\/div>\n\t\t\t\t\t<\/div>\n\t\t<\/div>\n\t\t\t\t\t\t\t\t<\/div>\n\t\t\t\t\t<\/div>\n\t\t<\/section>\n\t\t\t\t\t\t<\/div>\n\t\t\t\t\t\t<\/div>\n\t\t\t\t\t<\/div>\n\t\t","protected":false},"excerpt":{"rendered":"<p>F\u00f6retag och kontaktuppgifter JoHo Pyro har s\u00e4te i Marienhamn, \u00c5land, och producerar shower med pyroteknik och fyrverkeri p\u00e5 \u00c5land, p\u00e5 finska fastlandet och internationellt. JoHo Pyro tar in professionella fyrverkeri- och pyroteknikprodukter till Finland fr\u00e5n kvalitetsproducenter i Europa och Kina, och levererar \u00e4ven professionella produkter till andra showproducenter i Finland. JoHo Pyro importerar ochs\u00e5 konsumentfyrverkeripj\u00e4ser [&hellip;]<\/p>\n","protected":false},"author":1,"featured_media":0,"parent":0,"menu_order":0,"comment_status":"closed","ping_status":"closed","template":"elementor_header_footer","meta":{"spay_email":""},"_links":{"self":[{"href":"https:\/\/www.johopyro.fi\/shop\/sv\/wp-json\/wp\/v2\/pages\/4854"}],"collection":[{"href":"https:\/\/www.johopyro.fi\/shop\/sv\/wp-json\/wp\/v2\/pages"}],"about":[{"href":"https:\/\/www.johopyro.fi\/shop\/sv\/wp-json\/wp\/v2\/types\/page"}],"author":[{"embeddable":true,"href":"https:\/\/www.johopyro.fi\/shop\/sv\/wp-json\/wp\/v2\/users\/1"}],"replies":[{"embeddable":true,"href":"https:\/\/www.johopyro.fi\/shop\/sv\/wp-json\/wp\/v2\/comments?post=4854"}],"version-history":[{"count":7,"href":"https:\/\/www.johopyro.fi\/shop\/sv\/wp-json\/wp\/v2\/pages\/4854\/revisions"}],"predecessor-version":[{"id":5055,"href":"https:\/\/www.johopyro.fi\/shop\/sv\/wp-json\/wp\/v2\/pages\/4854\/revisions\/5055"}],"wp:attachment":[{"href":"https:\/\/www.johopyro.fi\/shop\/sv\/wp-json\/wp\/v2\/media?parent=4854"}],"curies":[{"name":"wp","href":"https:\/\/api.w.org\/{rel}","templated":true}]}}