{"id":4965,"date":"2020-10-07T07:59:41","date_gmt":"2020-10-07T07:59:41","guid":{"rendered":"http:\/\/www.johopyro.fi\/shop\/?page_id=4965"},"modified":"2020-10-07T11:34:07","modified_gmt":"2020-10-07T11:34:07","slug":"planera-ett-fyrverkeri","status":"publish","type":"page","link":"https:\/\/www.johopyro.fi\/shop\/sv\/planera-ett-fyrverkeri\/","title":{"rendered":"Planera ett fyrverkeri"},"content":{"rendered":"\t\t<div data-elementor-type=\"wp-page\" data-elementor-id=\"4965\" class=\"elementor elementor-4965 elementor-4952\" data-elementor-settings=\"[]\">\n\t\t\t\t\t\t<div class=\"elementor-inner\">\n\t\t\t\t\t\t\t<div class=\"elementor-section-wrap\">\n\t\t\t\t\t\t\t<section class=\"elementor-section elementor-top-section elementor-element elementor-element-cf2b688 elementor-section-boxed elementor-section-height-default elementor-section-height-default\" data-id=\"cf2b688\" data-element_type=\"section\" data-settings=\"{&quot;background_background&quot;:&quot;classic&quot;}\">\n\t\t\t\t\t\t\t<div class=\"elementor-background-overlay\"><\/div>\n\t\t\t\t\t\t\t<div class=\"elementor-container elementor-column-gap-default\">\n\t\t\t\t\t\t\t<div class=\"elementor-row\">\n\t\t\t\t\t<div class=\"elementor-column elementor-col-100 elementor-top-column elementor-element elementor-element-76d7e7e\" data-id=\"76d7e7e\" data-element_type=\"column\">\n\t\t\t<div class=\"elementor-column-wrap elementor-element-populated\">\n\t\t\t\t\t\t\t<div class=\"elementor-widget-wrap\">\n\t\t\t\t\t\t<div class=\"elementor-element elementor-element-e29bbfe elementor-widget elementor-widget-heading\" data-id=\"e29bbfe\" data-element_type=\"widget\" data-widget_type=\"heading.default\">\n\t\t\t\t<div class=\"elementor-widget-container\">\n\t\t\t<h2 class=\"elementor-heading-title elementor-size-default\">Planera ett fyrverkeri<\/h2>\t\t<\/div>\n\t\t\t\t<\/div>\n\t\t\t\t\t\t<\/div>\n\t\t\t\t\t<\/div>\n\t\t<\/div>\n\t\t\t\t\t\t\t\t<\/div>\n\t\t\t\t\t<\/div>\n\t\t<\/section>\n\t\t\t\t<section class=\"elementor-section elementor-top-section elementor-element elementor-element-abbf631 elementor-section-boxed elementor-section-height-default elementor-section-height-default\" data-id=\"abbf631\" data-element_type=\"section\" data-settings=\"{&quot;background_background&quot;:&quot;classic&quot;}\">\n\t\t\t\t\t\t<div class=\"elementor-container elementor-column-gap-default\">\n\t\t\t\t\t\t\t<div class=\"elementor-row\">\n\t\t\t\t\t<div class=\"elementor-column elementor-col-100 elementor-top-column elementor-element elementor-element-1ec28b6\" data-id=\"1ec28b6\" data-element_type=\"column\">\n\t\t\t<div class=\"elementor-column-wrap elementor-element-populated\">\n\t\t\t\t\t\t\t<div class=\"elementor-widget-wrap\">\n\t\t\t\t\t\t<div class=\"elementor-element elementor-element-20da5a7 elementor-widget elementor-widget-text-editor\" data-id=\"20da5a7\" data-element_type=\"widget\" data-widget_type=\"text-editor.default\">\n\t\t\t\t<div class=\"elementor-widget-container\">\n\t\t\t\t\t\t\t\t<div class=\"elementor-text-editor elementor-clearfix\">\n\t\t\t\t<p><img loading=\"lazy\" class=\"wp-image-4937 alignright\" src=\"http:\/\/www.johopyro.fi\/shop\/wp-content\/uploads\/2020\/10\/skyddsutrustning3.jpg\" alt=\"\" width=\"404\" height=\"384\" srcset=\"https:\/\/www.johopyro.fi\/shop\/wp-content\/uploads\/2020\/10\/skyddsutrustning3.jpg 550w, https:\/\/www.johopyro.fi\/shop\/wp-content\/uploads\/2020\/10\/skyddsutrustning3-300x285.jpg 300w\" sizes=\"(max-width: 404px) 100vw, 404px\" \/><\/p><h2>1. S\u00e4kerhet \u2013 skaffa dig och anv\u00e4nd l\u00e4mplig skyddsutrustning<\/h2><p>Skyddsglas\u00f6gon, h\u00f6rskydd, hj\u00e4lm, pannlampa. Hj\u00e4lm med allt integrerat g\u00e5r bra, ocks\u00e5 om den har skogshuggarvisit. Kl\u00e4der som inte brinner (bomull eller flamskyddat material) och enligt \u00e5rstid, handskar att arbeta med (klipp av halva tummen och pekfinger p\u00e5 r\u00e4tt handsken s\u00e5 kan du jobba med handsken p\u00e5). Stadiga skor. Pannlampa \u00e4r viktig, s\u00e5 du har h\u00e4nderna fria.<\/p><p>F\u00f6rs\u00f6k inte vara duktig. Arbeta inte utan skyddsutrustning. Proffsen skyddar sig alltid. Med skyddsutrustningen p\u00e5 kan du t.o.m. r\u00f6ra dig i skjutomr\u00e5det (p\u00e5 eget ansvar) och t\u00e4nda f\u00f6ljande pj\u00e4s innan f\u00f6reg\u00e5ende har slutat skjuta. <strong>Utan personlig skyddsutrustning f\u00e5r du inte g\u00f6ra detta!<\/strong><\/p><h2>2. Planera ditt fyrverkeri p\u00e5 f\u00f6rv\u00e4g<\/h2><h3>Planera var du skall skjuta:<\/h3><ul><li>Du beh\u00f6ver en \u00f6ppen plats med tillr\u00e4ckligt utrymme f\u00f6r de pj\u00e4ser som du t\u00e4nker skjuta. Detta blir ditt skjutomr\u00e5de, och det \u00e4r ett farligt omr\u00e5de under f\u00f6rest\u00e4llningen.<\/li><li>Best\u00e4m var publiken skall st\u00e5. St\u00e5r de tryggt d\u00e4r? P\u00e5 detta st\u00e4lle l\u00e4gger du ocks\u00e5 musiken!<\/li><li>T\u00e4nk p\u00e5 hur du skall kunna bevaka utrymmet. Har du en skog bakom eller ett staket vid sidan som avgr\u00e4nsar omr\u00e5det? Kan en nyfiken granne smyga in p\u00e5 skjutomr\u00e5det utan att du m\u00e4rker det? Skulle det l\u00f6na sig att avgr\u00e4nsa ditt skjutomr\u00e5de med varningsband f\u00f6r s\u00e4kerhets skull? Beh\u00f6ver du n\u00e5n som bevakar ditt skjutf\u00e4lt? Dessa \u00e4r fr\u00e5gor som proffsen alltid hamnar att ta st\u00e4llning till, s\u00e5 planera \u00e4ven du!<\/li><\/ul><h3><strong>Planera ditt skjutf\u00e4lt p\u00e5 f\u00f6rhand:<\/strong><\/h3><ul><li>G\u00f6r en plan av ditt skjutf\u00e4ltet p\u00e5 papper. Var st\u00e4ller du upp pj\u00e4serna? I vilken ordning t\u00e4nds de? Och var st\u00e5r publiken?<\/li><li>S\u00e4tt g\u00e4rna de mindre pj\u00e4serna med kortare s\u00e4kerhetsavst\u00e5nd l\u00e4ngre fram, n\u00e4rmare publiken och r\u00f6r dig bak\u00e5t i f\u00e4ltet d\u00e5 du t\u00e4nder.<\/li><li>Placera inte alla p\u00e5 samma st\u00e4lle utan s\u00e4tt em i grupper p\u00e5 flera st\u00e4llen, s\u00e5 att du kan t\u00e4nda en pj\u00e4s och sedan r\u00f6ra dig till ett s\u00e4kert st\u00e4lle, tex till f\u00f6ljande pj\u00e4s som skall t\u00e4ndas. Markera p\u00e5 planen de olika pj\u00e4sernas eller pj\u00e4sgruppernas plats och deras s\u00e4kerhetsavst\u00e5nd, t.ex med en ring i r\u00e4tt skala. (Se bilderna nedan)<\/li><li>Markera hur du sj\u00e4lv skall r\u00f6ra dig f\u00f6r att alltid vara tillr\u00e4ckligt l\u00e5ngt borta fr\u00e5n pj\u00e4ser som skjuter.<\/li><\/ul><h2><img loading=\"lazy\" class=\"wp-image-4999  alignright\" src=\"http:\/\/www.johopyro.fi\/shop\/wp-content\/uploads\/2020\/10\/sakerhetsavstand.png\" alt=\"\" width=\"466\" height=\"449\" srcset=\"https:\/\/www.johopyro.fi\/shop\/wp-content\/uploads\/2020\/10\/sakerhetsavstand.png 655w, https:\/\/www.johopyro.fi\/shop\/wp-content\/uploads\/2020\/10\/sakerhetsavstand-300x289.png 300w, https:\/\/www.johopyro.fi\/shop\/wp-content\/uploads\/2020\/10\/sakerhetsavstand-600x578.png 600w\" sizes=\"(max-width: 466px) 100vw, 466px\" \/>3. Skjutf\u00e4lt och farozon<\/h2><h3>Det farliga omr\u00e5det runt en pj\u00e4s kallas \u201dFarligt omr\u00e5de\u201d eller Farozon.<\/h3><ul><li>Farozonens radie \u00e4r samma som s\u00e4kerhetsavst\u00e5ndet. Det hittar du p\u00e5 pj\u00e4sens m\u00e4rkskylt.<\/li><li>Innanf\u00f6r farozonen skall man inte uppeh\u00e5lla sig d\u00e5 n\u00e5n pj\u00e4s skjuter. Skjuter man sina pj\u00e4ser bara fr\u00e5n ett st\u00e4lle, g\u00e5r man in i zonen f\u00f6r att t\u00e4nda och kommer ut fr\u00e5n zonen igen, v\u00e4ntar och g\u00e5r in f\u00f6r att t\u00e4nda f\u00f6ljande.<\/li><\/ul><p>Detta \u00e4r den allm\u00e4nnaste metoden att skjuta konsumentfyrverkerier. Den har den nackdelen att det blir paus mellan pj\u00e4serna. Det blir ingen \u201dshow\u201d.<\/p><h3>Har man flere grupper av pj\u00e4ser \u00e4r gr\u00e4nsen till farozonen \u201dden yttre gr\u00e4nsen f\u00f6r de sammanlagda farozonerna f\u00f6r enskilda pj\u00e4ser eller pj\u00e4sgrupper\u201d.<\/h3><p>L\u00e5ter besv\u00e4rligt men bilden \u00e4r klar. F\u00f6rdelen med uppst\u00e4llningen nedan \u00e4r att man kan alltid st\u00e4lla sig utanf\u00f6r farozonen och v\u00e4nta, och g\u00e5 in i farozonen f\u00f6r f\u00f6ljande pj\u00e4s och t\u00e4nda den medan den f\u00f6reg\u00e5ende \u00e4nnu skjuter. Med denna enkla metod kan du skjuta ett fyrverkeri som inte har besv\u00e4rande pauser.<\/p><p><img loading=\"lazy\" class=\"alignnone size-full wp-image-4969\" src=\"http:\/\/www.johopyro.fi\/shop\/wp-content\/uploads\/2020\/10\/skjut-4-pjaser.png\" alt=\"\" width=\"842\" height=\"494\" srcset=\"https:\/\/www.johopyro.fi\/shop\/wp-content\/uploads\/2020\/10\/skjut-4-pjaser.png 842w, https:\/\/www.johopyro.fi\/shop\/wp-content\/uploads\/2020\/10\/skjut-4-pjaser-300x176.png 300w, https:\/\/www.johopyro.fi\/shop\/wp-content\/uploads\/2020\/10\/skjut-4-pjaser-768x451.png 768w, https:\/\/www.johopyro.fi\/shop\/wp-content\/uploads\/2020\/10\/skjut-4-pjaser-600x352.png 600w\" sizes=\"(max-width: 842px) 100vw, 842px\" \/><\/p><h3>Har man gott om utrymme kan man planera en st\u00f6rre skjutplan.<\/h3><p>Iden \u00e4r naturligtvis den att man alltid skall kunna tryggt r\u00f6ra sig till f\u00f6ljande pj\u00e4s och v\u00e4nta i s\u00e4kerhet p\u00e5 att t\u00e4nda denna, d\u00e5 f\u00f6rg\u00e5ende slutar skjuta. Ett gott tips \u00e4r att s\u00e4tta in mindre pj\u00e4ser (pj\u00e4ser med kortare s\u00e4kerhetsavst\u00e5nd) n\u00e4rmare publiken, och det st\u00f6rsta l\u00e4ngst bak. I en stor final l\u00e5ter man g\u00e4rna flere pj\u00e4ser skjuta samtidigt.<\/p><p><img loading=\"lazy\" class=\"alignnone size-full wp-image-4971\" src=\"http:\/\/www.johopyro.fi\/shop\/wp-content\/uploads\/2020\/10\/9-skjutplatser.jpg\" alt=\"\" width=\"876\" height=\"531\" srcset=\"https:\/\/www.johopyro.fi\/shop\/wp-content\/uploads\/2020\/10\/9-skjutplatser.jpg 876w, https:\/\/www.johopyro.fi\/shop\/wp-content\/uploads\/2020\/10\/9-skjutplatser-300x182.jpg 300w, https:\/\/www.johopyro.fi\/shop\/wp-content\/uploads\/2020\/10\/9-skjutplatser-768x466.jpg 768w, https:\/\/www.johopyro.fi\/shop\/wp-content\/uploads\/2020\/10\/9-skjutplatser-600x364.jpg 600w\" sizes=\"(max-width: 876px) 100vw, 876px\" \/><\/p><h2>4. Hur g\u00f6r man en bra show ?<\/h2><ul><li>V\u00e4lj f\u00f6rst musik att ackompanjera din show. Fr\u00e5ga barnen eller din partner hurudan musik de villa ha. Engagera resten av familjen i planeringen.<\/li><li>Ta reda p\u00e5 hur l\u00e5ng funktionstid olika fyrverkeripj\u00e4ser har och vad f\u00f6r slags effekter de har. Iden med att bygga en show \u00e4r att skjuta pj\u00e4ser efter varandra s\u00e5 att de p\u00e5 n\u00e5t s\u00e4tt passar ihop med musiken. I allm\u00e4nhet slutar en show med en final, dvs m\u00e5nga st\u00f6rre pj\u00e4ser p\u00e5 en g\u00e5ng s\u00e5 att effekten stegras.<ul><li>F\u00f6r att g\u00f6ra detta borde du veta pj\u00e4sernas funktionstid och vad pj\u00e4sen inneh\u00e5ller f\u00f6r effekter. Du planerar skjutordningen i f\u00f6rh\u00e5llande till musiken.<\/li><li>Det \u00e4r inte v\u00e4rt att lita absolut p\u00e5 tidsangivelserna f\u00f6r pj\u00e4serna; isynnerhet f\u00f6r batterier \u00e4r funktionstiderna bara ungef\u00e4rliga.<\/li><li>Var inte r\u00e4dd f\u00f6r att anv\u00e4nda markeffekter som font\u00e4ner eller bengaliska eldar. De passar bra i b\u00f6rjan eller p\u00e5 st\u00e4llen d\u00e4r musiken \u00e4r lugnare. Dessutom har de en l\u00e5ng brinntid.<\/li><li>Notera att den gr\u00f6na s\u00e4kerhetsstubinen brinner ungef\u00e4r 7 sek f\u00f6re pj\u00e4sen b\u00f6rjar fungera. Du skall allts\u00e5 t\u00e4nda f\u00f6ljande pj\u00e4s 7 sekunder f\u00f6re den f\u00f6reg\u00e5ende slutar. Det \u00e4r inte helt enkelt, s\u00e5 b\u00e4st blir det om man har n\u00e5gonting p\u00e5 g\u00e5ng s\u00e5 det inte tomrum.Av denna orsak skall du planera skjutordningen och pj\u00e4sernas placering i grupper, s\u00e5 att du alltid kan st\u00e5 och v\u00e4nta p\u00e5 en trygg plats och t\u00e4nda p\u00e5 f\u00f6ljande pj\u00e4s medan en annan skjuter. Om det blir sv\u00e5rt, l\u00e4gg in sm\u00e5 pj\u00e4ser med korta s\u00e4kerhetsavst\u00e5nd (t.ex romerska ljus eller font\u00e4ner, som spluttrar p\u00e5 mitt i showen och t\u00e4cker \u00f6ver det att du kanske t\u00e4nde en stor pj\u00e4s litet f\u00f6r sent.<\/li><\/ul><\/li><li>Att bygga en bra show \u00e4r allts\u00e5 att pussla ihop musik, effekter och olika slags fyrverkeripj\u00e4ser s\u00e5 att allt slutar eller b\u00f6rjar ungef\u00e4r samtidigt och blir en upplevelse.<\/li><\/ul><h2>5. Men jag kommer ju inte att hinna se showen sj\u00e4lv!!<\/h2><p>Kanske s\u00e5, men n\u00e4sta \u00e5r f\u00e5r grannen sk\u00f6ta skjutandet. Och det b\u00e4sta med en god show \u00e4r att du har en tacksam publik som jublar \u00f6ver showen. Och, skjutandet tar kanske 3 minuter, men det roliga kanske ligger i att planea, att l\u00e4ra sig fr\u00e5n \u00e5r till \u00e5r, och till sist bli k\u00e4nd som traktens store fyrverkare!!<\/p><h2>6. S\u00e4kerhetstips<\/h2><ul><li>S\u00e4tt en champagneflaska i kylen p\u00e5 morgonen dagen du skall skjuta, och \u00f6ppna den efter f\u00f6rest\u00e4llningen. Nykterhet \u00e4r en dygd i fyrverkeri-sammanhang.<br \/>M\u00e4rk ut st\u00e4llena d\u00e4r du skall l\u00e4gga fyrverkeripj\u00e4serna d\u00e5 det \u00e4r ljust. Dra ut avst\u00e4ngningsbanden p\u00e5 f\u00f6rhand s\u00e5 att obeh\u00f6riga inte kan komma ut p\u00e5 din skjutplan. Du kan till och med l\u00e4gga ut fyrverkerierna p\u00e5 f\u00f6rhand. Skydda dem f\u00f6r v\u00e4ta nerifr\u00e5n genom att s\u00e4tta dem p\u00e5 en fiberskiva och t\u00e4ck \u00f6ver dem med en presenning eller uppskuren plasts\u00e4ck s\u00e5 det ej regnar p\u00e5 dem. F\u00f6rbered s\u00e5 mycket du kan p\u00e5 f\u00f6rhand.<\/li><li>H\u00e5ll ALDRIG kroppsdelar ovanf\u00f6r en pj\u00e4s d\u00e5 du t\u00e4nder dem (huvudet \u00e4r ocks\u00e5 en kroppsdel)<\/li><li>Om du anv\u00e4nder en gast\u00e4ndare f\u00f6r att t\u00e4nda pj\u00e4sen, rikta br\u00e4nnaren mot stubinens \u00e4nda fr\u00e5n sidan, i 90 grader vinkel i f\u00f6rh\u00e5llande till stubinen. Rikta INTE br\u00e4nnaren rakt mot pj\u00e4sen. Om du br\u00e4nner rakt p\u00e5 pj\u00e4sen kan du v\u00e4rsta fall f\u00f6rorsaka en r\u00f6rexplosion!!<\/li><li>En av viktigaste uppgifterna f\u00f6r en ansvarig fyrverkare \u00e4r att se till att pj\u00e4ser ALDRIG kan v\u00e4lta. Detta g\u00e4ller i synnerhet batterier. De \u00e4r nog byggda f\u00f6r att h\u00e5llas st\u00e5ende d\u00e5 man avfyrar dem fr\u00e5n ett plant och stadigt underlag. Men s\u00e5dant underlag existerar inte i ett vintrigt Finland. Sl\u00e5 in st\u00f6d i marken f\u00f6r batterierna. Eller sl\u00e5 spikar i en sp\u00e5nplatta och f\u00e4st med silvertejp runt pj\u00e4sen och spikarna.. Du kan ocks\u00e5 tejpa ihop flere batterier i varandra till en stadig enhet. Font\u00e4ner eller \u201dThunderKing\u201d pj\u00e4ser kan du v\u00e4l f\u00e4sta i en planka eller skiva genom att trycka fast dem i n\u00e5gra klickar med hot-melt-lim.<\/li><\/ul>\t\t\t\t\t<\/div>\n\t\t\t\t\t\t<\/div>\n\t\t\t\t<\/div>\n\t\t\t\t\t\t<\/div>\n\t\t\t\t\t<\/div>\n\t\t<\/div>\n\t\t\t\t\t\t\t\t<\/div>\n\t\t\t\t\t<\/div>\n\t\t<\/section>\n\t\t\t\t<section class=\"elementor-section elementor-top-section elementor-element elementor-element-1dead78 elementor-section-boxed elementor-section-height-default elementor-section-height-default\" data-id=\"1dead78\" data-element_type=\"section\" data-settings=\"{&quot;background_background&quot;:&quot;classic&quot;,&quot;shape_divider_top&quot;:&quot;arrow&quot;,&quot;animation&quot;:&quot;none&quot;}\">\n\t\t\t\t\t<div class=\"elementor-shape elementor-shape-top\" data-negative=\"false\">\n\t\t\t<svg xmlns=\"http:\/\/www.w3.org\/2000\/svg\" viewBox=\"0 0 700 10\" preserveAspectRatio=\"none\">\n\t<path class=\"elementor-shape-fill\" d=\"M350,10L340,0h20L350,10z\"\/>\n<\/svg>\t\t<\/div>\n\t\t\t\t\t<div class=\"elementor-container elementor-column-gap-default\">\n\t\t\t\t\t\t\t<div class=\"elementor-row\">\n\t\t\t\t\t<div class=\"elementor-column elementor-col-100 elementor-top-column elementor-element elementor-element-b345200\" data-id=\"b345200\" data-element_type=\"column\">\n\t\t\t<div class=\"elementor-column-wrap elementor-element-populated\">\n\t\t\t\t\t\t\t<div class=\"elementor-widget-wrap\">\n\t\t\t\t\t\t<div class=\"elementor-element elementor-element-67f87b1 elementor-aspect-ratio-169 elementor-widget elementor-widget-video\" data-id=\"67f87b1\" data-element_type=\"widget\" data-settings=\"{&quot;video_type&quot;:&quot;vimeo&quot;,&quot;aspect_ratio&quot;:&quot;169&quot;}\" data-widget_type=\"video.default\">\n\t\t\t\t<div class=\"elementor-widget-container\">\n\t\t\t\t\t<div class=\"elementor-wrapper elementor-fit-aspect-ratio elementor-open-inline\">\n\t\t\t<iframe class=\"elementor-video-iframe\" allowfullscreen title=\"vimeo-videospelare\" src=\"https:\/\/player.vimeo.com\/video\/247608406?color&amp;autopause=0&amp;loop=0&amp;muted=0&amp;title=1&amp;portrait=1&amp;byline=1#t=\"><\/iframe>\t\t<\/div>\n\t\t\t\t<\/div>\n\t\t\t\t<\/div>\n\t\t\t\t\t\t<\/div>\n\t\t\t\t\t<\/div>\n\t\t<\/div>\n\t\t\t\t\t\t\t\t<\/div>\n\t\t\t\t\t<\/div>\n\t\t<\/section>\n\t\t\t\t\t\t<\/div>\n\t\t\t\t\t\t<\/div>\n\t\t\t\t\t<\/div>\n\t\t","protected":false},"excerpt":{"rendered":"<p>Planera ett fyrverkeri 1. S\u00e4kerhet \u2013 skaffa dig och anv\u00e4nd l\u00e4mplig skyddsutrustning Skyddsglas\u00f6gon, h\u00f6rskydd, hj\u00e4lm, pannlampa. Hj\u00e4lm med allt integrerat g\u00e5r bra, ocks\u00e5 om den har skogshuggarvisit. Kl\u00e4der som inte brinner (bomull eller flamskyddat material) och enligt \u00e5rstid, handskar att arbeta med (klipp av halva tummen och pekfinger p\u00e5 r\u00e4tt handsken s\u00e5 kan du jobba [&hellip;]<\/p>\n","protected":false},"author":1,"featured_media":0,"parent":0,"menu_order":0,"comment_status":"closed","ping_status":"closed","template":"elementor_header_footer","meta":{"spay_email":""},"_links":{"self":[{"href":"https:\/\/www.johopyro.fi\/shop\/sv\/wp-json\/wp\/v2\/pages\/4965"}],"collection":[{"href":"https:\/\/www.johopyro.fi\/shop\/sv\/wp-json\/wp\/v2\/pages"}],"about":[{"href":"https:\/\/www.johopyro.fi\/shop\/sv\/wp-json\/wp\/v2\/types\/page"}],"author":[{"embeddable":true,"href":"https:\/\/www.johopyro.fi\/shop\/sv\/wp-json\/wp\/v2\/users\/1"}],"replies":[{"embeddable":true,"href":"https:\/\/www.johopyro.fi\/shop\/sv\/wp-json\/wp\/v2\/comments?post=4965"}],"version-history":[{"count":10,"href":"https:\/\/www.johopyro.fi\/shop\/sv\/wp-json\/wp\/v2\/pages\/4965\/revisions"}],"predecessor-version":[{"id":5001,"href":"https:\/\/www.johopyro.fi\/shop\/sv\/wp-json\/wp\/v2\/pages\/4965\/revisions\/5001"}],"wp:attachment":[{"href":"https:\/\/www.johopyro.fi\/shop\/sv\/wp-json\/wp\/v2\/media?parent=4965"}],"curies":[{"name":"wp","href":"https:\/\/api.w.org\/{rel}","templated":true}]}}