{"id":4596,"date":"2020-09-25T06:25:11","date_gmt":"2020-09-25T06:25:11","guid":{"rendered":"http:\/\/www.johopyro.fi\/shop\/?post_type=product&#038;p=4596"},"modified":"2022-12-27T21:31:20","modified_gmt":"2022-12-27T21:31:20","slug":"big-bomb-box","status":"publish","type":"product","link":"https:\/\/www.johopyro.fi\/shop\/sv\/produkt\/big-bomb-box\/","title":{"rendered":"Big bomb box"},"content":{"rendered":"","protected":false},"excerpt":{"rendered":"<p>Sortering av : Markblomm, Magic balls, Flash, Tank, Single shot, Liten font\u00e4n, Liten fj\u00e4ril, Fallsk\u00e4rm, Sm\u00e5 getingar, Stor Kamelia, Flash bowl. 52 produkte.<\/p>\n","protected":false},"featured_media":4598,"template":"","meta":{"spay_email":""},"_links":{"self":[{"href":"https:\/\/www.johopyro.fi\/shop\/sv\/wp-json\/wp\/v2\/product\/4596"}],"collection":[{"href":"https:\/\/www.johopyro.fi\/shop\/sv\/wp-json\/wp\/v2\/product"}],"about":[{"href":"https:\/\/www.johopyro.fi\/shop\/sv\/wp-json\/wp\/v2\/types\/product"}],"wp:featuredmedia":[{"embeddable":true,"href":"https:\/\/www.johopyro.fi\/shop\/sv\/wp-json\/wp\/v2\/media\/4598"}],"wp:attachment":[{"href":"https:\/\/www.johopyro.fi\/shop\/sv\/wp-json\/wp\/v2\/media?parent=4596"}],"curies":[{"name":"wp","href":"https:\/\/api.w.org\/{rel}","templated":true}]}}