{"id":4608,"date":"2020-09-25T07:24:06","date_gmt":"2020-09-25T07:24:06","guid":{"rendered":"http:\/\/www.johopyro.fi\/shop\/tuotteet\/bombastic\/"},"modified":"2020-09-25T07:24:06","modified_gmt":"2020-09-25T07:24:06","slug":"bombastic","status":"publish","type":"product","link":"https:\/\/www.johopyro.fi\/shop\/sv\/produkt\/bombastic\/","title":{"rendered":"Bombastic"},"content":{"rendered":"<p><iframe loading=\"lazy\" title=\"vimeo-player\" src=\"https:\/\/player.vimeo.com\/video\/245693648\" width=\"640\" height=\"360\" frameborder=\"0\" allowfullscreen=\"allowfullscreen\"><\/iframe><\/p>\n","protected":false},"excerpt":{"rendered":"<p>Ett batteri med stora r\u00f6r som skjuter mycket distinkta effekter. Den b\u00f6rjar med r\u00f6d och bl\u00e5 dalia med r\u00f6d svans och vit blink, ett r\u00f6tt blinkande piltr\u00e4d med r\u00f6d blinkande svans och gr\u00f6n dahlia; purpur p\u00e4rlor med gul svans och vit blink , ett gr\u00f6nt blinkande piltr\u00e4d m gr\u00f6n blinksvans och persikodalia, och i finalen silver blommor med brokadsvans och r\u00f6d\/gr\u00f6n dahlia.<\/p>\n","protected":false},"featured_media":4607,"template":"","meta":{"spay_email":""},"_links":{"self":[{"href":"https:\/\/www.johopyro.fi\/shop\/sv\/wp-json\/wp\/v2\/product\/4608"}],"collection":[{"href":"https:\/\/www.johopyro.fi\/shop\/sv\/wp-json\/wp\/v2\/product"}],"about":[{"href":"https:\/\/www.johopyro.fi\/shop\/sv\/wp-json\/wp\/v2\/types\/product"}],"wp:featuredmedia":[{"embeddable":true,"href":"https:\/\/www.johopyro.fi\/shop\/sv\/wp-json\/wp\/v2\/media\/4607"}],"wp:attachment":[{"href":"https:\/\/www.johopyro.fi\/shop\/sv\/wp-json\/wp\/v2\/media?parent=4608"}],"curies":[{"name":"wp","href":"https:\/\/api.w.org\/{rel}","templated":true}]}}