{"id":4611,"date":"2020-09-25T09:55:31","date_gmt":"2020-09-25T09:55:31","guid":{"rendered":"http:\/\/www.johopyro.fi\/shop\/?post_type=product&#038;p=4611"},"modified":"2020-09-25T10:00:32","modified_gmt":"2020-09-25T10:00:32","slug":"brilliant","status":"publish","type":"product","link":"https:\/\/www.johopyro.fi\/shop\/sv\/produkt\/brilliant\/","title":{"rendered":"Brilliant"},"content":{"rendered":"<p><iframe loading=\"lazy\" title=\"vimeo-player\" src=\"https:\/\/player.vimeo.com\/video\/241871989\" width=\"640\" height=\"360\" frameborder=\"0\" allowfullscreen><\/iframe><\/p>\n","protected":false},"excerpt":{"rendered":"<p>Ett mindre batteri med standarddiameter och relativt stora effekter. 5 olika slag av effekter och som avslutning en m\u00e5ngdubbel \u201dtime rain\u201d med likadan svans. De inledande effekterna \u00e4r kokos med dahlior i r\u00f6tt, gr\u00f6nt och purpur med r\u00f6d and wit blink. <\/p>\n","protected":false},"featured_media":4613,"template":"","meta":{"spay_email":""},"_links":{"self":[{"href":"https:\/\/www.johopyro.fi\/shop\/sv\/wp-json\/wp\/v2\/product\/4611"}],"collection":[{"href":"https:\/\/www.johopyro.fi\/shop\/sv\/wp-json\/wp\/v2\/product"}],"about":[{"href":"https:\/\/www.johopyro.fi\/shop\/sv\/wp-json\/wp\/v2\/types\/product"}],"wp:featuredmedia":[{"embeddable":true,"href":"https:\/\/www.johopyro.fi\/shop\/sv\/wp-json\/wp\/v2\/media\/4613"}],"wp:attachment":[{"href":"https:\/\/www.johopyro.fi\/shop\/sv\/wp-json\/wp\/v2\/media?parent=4611"}],"curies":[{"name":"wp","href":"https:\/\/api.w.org\/{rel}","templated":true}]}}