{"id":4615,"date":"2020-09-25T10:07:13","date_gmt":"2020-09-25T10:07:13","guid":{"rendered":"http:\/\/www.johopyro.fi\/shop\/?post_type=product&#038;p=4615"},"modified":"2020-09-25T10:14:22","modified_gmt":"2020-09-25T10:14:22","slug":"brocade-crown","status":"publish","type":"product","link":"https:\/\/www.johopyro.fi\/shop\/sv\/produkt\/brocade-crown\/","title":{"rendered":"Brocade Crown"},"content":{"rendered":"<p><iframe loading=\"lazy\" src=\"https:\/\/player.vimeo.com\/video\/241872009\" width=\"640\" height=\"360\" frameborder=\"0\" allow=\"autoplay; fullscreen\" allowfullscreen><\/iframe><\/p>\n","protected":false},"excerpt":{"rendered":"<p>Ett stort batteri med stora r\u00f6r som skjuter guldbrokadkronor kombinerat med dalior I olika f\u00e4rger; r\u00f6d, gr\u00f6n blink och r\u00f6d&#038; bl\u00e5 dalia. Effektens svans har ochs\u00e5 olika f\u00e4rger r\u00f6d, gr\u00f6n och bl\u00e5. Finalen best\u00e5r av flere brokadkronor med r\u00f6d blink. <\/p>\n","protected":false},"featured_media":4617,"template":"","meta":{"spay_email":""},"_links":{"self":[{"href":"https:\/\/www.johopyro.fi\/shop\/sv\/wp-json\/wp\/v2\/product\/4615"}],"collection":[{"href":"https:\/\/www.johopyro.fi\/shop\/sv\/wp-json\/wp\/v2\/product"}],"about":[{"href":"https:\/\/www.johopyro.fi\/shop\/sv\/wp-json\/wp\/v2\/types\/product"}],"wp:featuredmedia":[{"embeddable":true,"href":"https:\/\/www.johopyro.fi\/shop\/sv\/wp-json\/wp\/v2\/media\/4617"}],"wp:attachment":[{"href":"https:\/\/www.johopyro.fi\/shop\/sv\/wp-json\/wp\/v2\/media?parent=4615"}],"curies":[{"name":"wp","href":"https:\/\/api.w.org\/{rel}","templated":true}]}}