{"id":4621,"date":"2020-09-25T10:24:12","date_gmt":"2020-09-25T10:24:12","guid":{"rendered":"http:\/\/www.johopyro.fi\/shop\/?post_type=product&#038;p=4621"},"modified":"2020-09-25T10:30:44","modified_gmt":"2020-09-25T10:30:44","slug":"conic-fountain-2-pack","status":"publish","type":"product","link":"https:\/\/www.johopyro.fi\/shop\/sv\/produkt\/conic-fountain-2-pack\/","title":{"rendered":"Conic Fountain 2 pack"},"content":{"rendered":"","protected":false},"excerpt":{"rendered":"<p>Silver font\u00e4n med r\u00f6d pistil, silver font\u00e4n med bl\u00e5 pistil. <\/p>\n","protected":false},"featured_media":4623,"template":"","meta":{"spay_email":""},"_links":{"self":[{"href":"https:\/\/www.johopyro.fi\/shop\/sv\/wp-json\/wp\/v2\/product\/4621"}],"collection":[{"href":"https:\/\/www.johopyro.fi\/shop\/sv\/wp-json\/wp\/v2\/product"}],"about":[{"href":"https:\/\/www.johopyro.fi\/shop\/sv\/wp-json\/wp\/v2\/types\/product"}],"wp:featuredmedia":[{"embeddable":true,"href":"https:\/\/www.johopyro.fi\/shop\/sv\/wp-json\/wp\/v2\/media\/4623"}],"wp:attachment":[{"href":"https:\/\/www.johopyro.fi\/shop\/sv\/wp-json\/wp\/v2\/media?parent=4621"}],"curies":[{"name":"wp","href":"https:\/\/api.w.org\/{rel}","templated":true}]}}