{"id":4626,"date":"2020-09-25T10:33:41","date_gmt":"2020-09-25T10:33:41","guid":{"rendered":"http:\/\/www.johopyro.fi\/shop\/?post_type=product&#038;p=4626"},"modified":"2020-09-25T10:39:17","modified_gmt":"2020-09-25T10:39:17","slug":"crossette","status":"publish","type":"product","link":"https:\/\/www.johopyro.fi\/shop\/sv\/produkt\/crossette\/","title":{"rendered":"Crossette"},"content":{"rendered":"<p><iframe loading=\"lazy\" title=\"vimeo-player\" src=\"https:\/\/player.vimeo.com\/video\/363747587\" width=\"640\" height=\"360\" frameborder=\"0\" allowfullscreen><\/iframe><\/p>\n","protected":false},"excerpt":{"rendered":"<p>Crossette urval. Med crossette avses en effekt som f\u00f6rst delar sig i luften och har samma effekt som huvudeffekten. S\u00e5 bildas en lugn och l\u00e5ng effekt. Denna crossette inneh\u00e5ller stj\u00e4rnor i r\u00f6da, gr\u00f6na, bl\u00e5 och gula stj\u00e4rnor. Lugn och med l\u00e5gt \u00f6ppningsljud. <\/p>\n","protected":false},"featured_media":4628,"template":"","meta":{"spay_email":""},"_links":{"self":[{"href":"https:\/\/www.johopyro.fi\/shop\/sv\/wp-json\/wp\/v2\/product\/4626"}],"collection":[{"href":"https:\/\/www.johopyro.fi\/shop\/sv\/wp-json\/wp\/v2\/product"}],"about":[{"href":"https:\/\/www.johopyro.fi\/shop\/sv\/wp-json\/wp\/v2\/types\/product"}],"wp:featuredmedia":[{"embeddable":true,"href":"https:\/\/www.johopyro.fi\/shop\/sv\/wp-json\/wp\/v2\/media\/4628"}],"wp:attachment":[{"href":"https:\/\/www.johopyro.fi\/shop\/sv\/wp-json\/wp\/v2\/media?parent=4626"}],"curies":[{"name":"wp","href":"https:\/\/api.w.org\/{rel}","templated":true}]}}