{"id":4633,"date":"2020-09-25T10:45:50","date_gmt":"2020-09-25T10:45:50","guid":{"rendered":"http:\/\/www.johopyro.fi\/shop\/tuotteet\/diamond-fan-shape\/"},"modified":"2020-09-25T10:45:50","modified_gmt":"2020-09-25T10:45:50","slug":"diamond-fan-shape","status":"publish","type":"product","link":"https:\/\/www.johopyro.fi\/shop\/sv\/produkt\/diamond-fan-shape\/","title":{"rendered":"Diamond (Fan shape)"},"content":{"rendered":"<p><iframe loading=\"lazy\" title=\"vimeo-player\" src=\"https:\/\/player.vimeo.com\/video\/242025808\" width=\"640\" height=\"360\" frameborder=\"0\" allowfullscreen><\/iframe><\/p>\n","protected":false},"excerpt":{"rendered":"<p>Ett stort batteri av en typ som \u00e4r vanlig I professionella sammanhang. Det skjuter 7 rader av 7 effekter I W-form. (solfj\u00e4der) Varje effekt har en minkaskad I svansen . Effekterna \u00e4r r\u00f6d, gr\u00f6n, citrongul och bl\u00e5 dalior med blink och knastrande piltr\u00e4d. I finalen skjuts hela raden I ett tag och effekten \u00e4r ett knastrande piltr\u00e4d med en spinnande silver svans. <\/p>\n","protected":false},"featured_media":4632,"template":"","meta":{"spay_email":""},"_links":{"self":[{"href":"https:\/\/www.johopyro.fi\/shop\/sv\/wp-json\/wp\/v2\/product\/4633"}],"collection":[{"href":"https:\/\/www.johopyro.fi\/shop\/sv\/wp-json\/wp\/v2\/product"}],"about":[{"href":"https:\/\/www.johopyro.fi\/shop\/sv\/wp-json\/wp\/v2\/types\/product"}],"wp:featuredmedia":[{"embeddable":true,"href":"https:\/\/www.johopyro.fi\/shop\/sv\/wp-json\/wp\/v2\/media\/4632"}],"wp:attachment":[{"href":"https:\/\/www.johopyro.fi\/shop\/sv\/wp-json\/wp\/v2\/media?parent=4633"}],"curies":[{"name":"wp","href":"https:\/\/api.w.org\/{rel}","templated":true}]}}