{"id":4637,"date":"2020-09-25T11:06:30","date_gmt":"2020-09-25T11:06:30","guid":{"rendered":"http:\/\/www.johopyro.fi\/shop\/tuotteet\/glittering-willow\/"},"modified":"2020-09-25T11:06:30","modified_gmt":"2020-09-25T11:06:30","slug":"glittering-willow","status":"publish","type":"product","link":"https:\/\/www.johopyro.fi\/shop\/sv\/produkt\/glittering-willow\/","title":{"rendered":"Glittering willow"},"content":{"rendered":"<p><iframe loading=\"lazy\" title=\"vimeo-player\" src=\"https:\/\/player.vimeo.com\/video\/363284183\" width=\"640\" height=\"360\" frameborder=\"0\" allowfullscreen><\/iframe><\/p>\n","protected":false},"excerpt":{"rendered":"<p>Ett stort batteri med fokus p\u00e5 effekter som h\u00e4nger l\u00e4nge I luften. Inneh\u00e5ller m\u00e5ngf\u00e4rgade dahlior (r\u00f6d, gr\u00f6n, havsbl\u00e5) med silverblommor. Ger ett synnerligen glittrigt intryck.<\/p>\n","protected":false},"featured_media":5070,"template":"","meta":{"spay_email":""},"_links":{"self":[{"href":"https:\/\/www.johopyro.fi\/shop\/sv\/wp-json\/wp\/v2\/product\/4637"}],"collection":[{"href":"https:\/\/www.johopyro.fi\/shop\/sv\/wp-json\/wp\/v2\/product"}],"about":[{"href":"https:\/\/www.johopyro.fi\/shop\/sv\/wp-json\/wp\/v2\/types\/product"}],"wp:featuredmedia":[{"embeddable":true,"href":"https:\/\/www.johopyro.fi\/shop\/sv\/wp-json\/wp\/v2\/media\/5070"}],"wp:attachment":[{"href":"https:\/\/www.johopyro.fi\/shop\/sv\/wp-json\/wp\/v2\/media?parent=4637"}],"curies":[{"name":"wp","href":"https:\/\/api.w.org\/{rel}","templated":true}]}}