{"id":4645,"date":"2020-09-25T11:20:03","date_gmt":"2020-09-25T11:20:03","guid":{"rendered":"http:\/\/www.johopyro.fi\/shop\/tuotteet\/hurricane\/"},"modified":"2020-09-25T11:20:03","modified_gmt":"2020-09-25T11:20:03","slug":"hurricane","status":"publish","type":"product","link":"https:\/\/www.johopyro.fi\/shop\/sv\/produkt\/hurricane\/","title":{"rendered":"Hurricane"},"content":{"rendered":"<p><iframe loading=\"lazy\" title=\"vimeo-player\" src=\"https:\/\/player.vimeo.com\/video\/245693640\" width=\"640\" height=\"360\" frameborder=\"0\" allowfullscreen><\/iframe><\/p>\n","protected":false},"excerpt":{"rendered":"<p>Ett mellanstort batteri med m\u00e5nga f\u00e4rger I 5 olika set av effekter. Det startar med r\u00f6d och guld dallor, byter till gr\u00f6nt och guld, forts\u00e4tter med bl\u00e5tt r\u00f6tt och gr\u00f6nt med ett till\u00e4gg av glittrande guld I bakgrunden. Till slut en intensiv final med knastrande guldblommor\/ knastrande svans. <\/p>\n","protected":false},"featured_media":5074,"template":"","meta":{"spay_email":""},"_links":{"self":[{"href":"https:\/\/www.johopyro.fi\/shop\/sv\/wp-json\/wp\/v2\/product\/4645"}],"collection":[{"href":"https:\/\/www.johopyro.fi\/shop\/sv\/wp-json\/wp\/v2\/product"}],"about":[{"href":"https:\/\/www.johopyro.fi\/shop\/sv\/wp-json\/wp\/v2\/types\/product"}],"wp:featuredmedia":[{"embeddable":true,"href":"https:\/\/www.johopyro.fi\/shop\/sv\/wp-json\/wp\/v2\/media\/5074"}],"wp:attachment":[{"href":"https:\/\/www.johopyro.fi\/shop\/sv\/wp-json\/wp\/v2\/media?parent=4645"}],"curies":[{"name":"wp","href":"https:\/\/api.w.org\/{rel}","templated":true}]}}