{"id":4653,"date":"2020-09-28T06:02:39","date_gmt":"2020-09-28T06:02:39","guid":{"rendered":"http:\/\/www.johopyro.fi\/shop\/tuotteet\/magenta-green\/"},"modified":"2020-09-28T06:04:23","modified_gmt":"2020-09-28T06:04:23","slug":"magenta-green","status":"publish","type":"product","link":"https:\/\/www.johopyro.fi\/shop\/sv\/produkt\/magenta-green\/","title":{"rendered":"Magenta &#038; Green"},"content":{"rendered":"<p><iframe loading=\"lazy\" title=\"vimeo-player\" src=\"https:\/\/player.vimeo.com\/video\/363276595\" width=\"640\" height=\"360\" frameborder=\"0\" allowfullscreen><\/iframe><\/p>\n","protected":false},"excerpt":{"rendered":"<p>En stor kaka med m\u00e5nga funktioner och med tv\u00e5 huvudf\u00e4rger och n\u00e5gra accentf\u00e4rger f\u00f6r att f\u00f6rh\u00f6ja effekten. En show i sig.<\/p>\n","protected":false},"featured_media":4652,"template":"","meta":{"spay_email":""},"_links":{"self":[{"href":"https:\/\/www.johopyro.fi\/shop\/sv\/wp-json\/wp\/v2\/product\/4653"}],"collection":[{"href":"https:\/\/www.johopyro.fi\/shop\/sv\/wp-json\/wp\/v2\/product"}],"about":[{"href":"https:\/\/www.johopyro.fi\/shop\/sv\/wp-json\/wp\/v2\/types\/product"}],"wp:featuredmedia":[{"embeddable":true,"href":"https:\/\/www.johopyro.fi\/shop\/sv\/wp-json\/wp\/v2\/media\/4652"}],"wp:attachment":[{"href":"https:\/\/www.johopyro.fi\/shop\/sv\/wp-json\/wp\/v2\/media?parent=4653"}],"curies":[{"name":"wp","href":"https:\/\/api.w.org\/{rel}","templated":true}]}}