{"id":4655,"date":"2020-09-28T06:06:49","date_gmt":"2020-09-28T06:06:49","guid":{"rendered":"http:\/\/www.johopyro.fi\/shop\/?post_type=product&#038;p=4655"},"modified":"2020-09-28T06:13:23","modified_gmt":"2020-09-28T06:13:23","slug":"magnificent-thunder","status":"publish","type":"product","link":"https:\/\/www.johopyro.fi\/shop\/sv\/produkt\/magnificent-thunder\/","title":{"rendered":"Magnificent Thunder"},"content":{"rendered":"<p><iframe loading=\"lazy\" src=\"https:\/\/player.vimeo.com\/video\/242027729\" width=\"640\" height=\"402\" frameborder=\"0\" allow=\"autoplay; fullscreen\" allowfullscreen><\/iframe><\/p>\n","protected":false},"excerpt":{"rendered":"<p>Ett stort batteri med standardr\u00f6r och l\u00e5ng brinntid f\u00f6r de 9 olika effekttyperna, vilka inkluderar kokos, brokadkronor, dahlior, p\u00e4rlor och 1000 blommor. Pj\u00e4sens f\u00e4rgval \u00e4r r\u00f6tt, gr\u00f6nt och bl\u00e5tt och naturligtvis inslag av silver och guld.<\/p>\n","protected":false},"featured_media":4657,"template":"","meta":{"spay_email":""},"_links":{"self":[{"href":"https:\/\/www.johopyro.fi\/shop\/sv\/wp-json\/wp\/v2\/product\/4655"}],"collection":[{"href":"https:\/\/www.johopyro.fi\/shop\/sv\/wp-json\/wp\/v2\/product"}],"about":[{"href":"https:\/\/www.johopyro.fi\/shop\/sv\/wp-json\/wp\/v2\/types\/product"}],"wp:featuredmedia":[{"embeddable":true,"href":"https:\/\/www.johopyro.fi\/shop\/sv\/wp-json\/wp\/v2\/media\/4657"}],"wp:attachment":[{"href":"https:\/\/www.johopyro.fi\/shop\/sv\/wp-json\/wp\/v2\/media?parent=4655"}],"curies":[{"name":"wp","href":"https:\/\/api.w.org\/{rel}","templated":true}]}}