{"id":4663,"date":"2020-09-28T06:21:43","date_gmt":"2020-09-28T06:21:43","guid":{"rendered":"http:\/\/www.johopyro.fi\/shop\/?post_type=product&#038;p=4663"},"modified":"2020-09-28T06:27:37","modified_gmt":"2020-09-28T06:27:37","slug":"night-party","status":"publish","type":"product","link":"https:\/\/www.johopyro.fi\/shop\/sv\/produkt\/night-party\/","title":{"rendered":"Night Party"},"content":{"rendered":"<p><iframe loading=\"lazy\" title=\"vimeo-player\" src=\"https:\/\/player.vimeo.com\/video\/292294405\" width=\"640\" height=\"360\" frameborder=\"0\" allowfullscreen><\/iframe><\/p>\n","protected":false},"excerpt":{"rendered":"<p>Ett mycket stort batteri. Inledning med dalior i r\u00f6tt, gr\u00f6nt och silver, f\u00f6ljt av dalior i citron och persika, bl\u00e5tt med guldblink och gr\u00f6n med silver blomma. Sedan 3 set i W-formation; red, gr\u00f6n och bl\u00e5 palm med silver eller guldblink. Efter det en l\u00e5ng lugn serie silvervattenfall i Z formation f\u00f6ljt av gr\u00f6n palm med r\u00f6d blink och vit-guld palm, b\u00e5da i V-formation. I finalen bl\u00e5 pion med silverblink och ett set med brokadkronor.<\/p>\n","protected":false},"featured_media":4665,"template":"","meta":{"spay_email":""},"_links":{"self":[{"href":"https:\/\/www.johopyro.fi\/shop\/sv\/wp-json\/wp\/v2\/product\/4663"}],"collection":[{"href":"https:\/\/www.johopyro.fi\/shop\/sv\/wp-json\/wp\/v2\/product"}],"about":[{"href":"https:\/\/www.johopyro.fi\/shop\/sv\/wp-json\/wp\/v2\/types\/product"}],"wp:featuredmedia":[{"embeddable":true,"href":"https:\/\/www.johopyro.fi\/shop\/sv\/wp-json\/wp\/v2\/media\/4665"}],"wp:attachment":[{"href":"https:\/\/www.johopyro.fi\/shop\/sv\/wp-json\/wp\/v2\/media?parent=4663"}],"curies":[{"name":"wp","href":"https:\/\/api.w.org\/{rel}","templated":true}]}}