{"id":4667,"date":"2020-09-28T06:29:18","date_gmt":"2020-09-28T06:29:18","guid":{"rendered":"http:\/\/www.johopyro.fi\/shop\/?post_type=product&#038;p=4667"},"modified":"2020-09-28T06:33:10","modified_gmt":"2020-09-28T06:33:10","slug":"prime-time","status":"publish","type":"product","link":"https:\/\/www.johopyro.fi\/shop\/sv\/produkt\/prime-time\/","title":{"rendered":"Prime time"},"content":{"rendered":"<p><iframe loading=\"lazy\" title=\"vimeo-player\" src=\"https:\/\/player.vimeo.com\/video\/242025772\" width=\"640\" height=\"360\" frameborder=\"0\" allowfullscreen=\"allowfullscreen\"><\/iframe><\/p>\n","protected":false},"excerpt":{"rendered":"<p>Ett stort batteri med varierande effekter och tempov\u00e4xlingar. Den n\u00e5got mindre r\u00f6rdiametern betyder att m\u00e4ngden skott blir stor. B\u00f6rjar med r\u00f6da och purpur p\u00e4rlor med vit resp.gr\u00f6n blink. Forts\u00e4tter med persika med gr\u00f6n blink, silver kokos med gr\u00f6n och med havsbl\u00e5 blink, vit blink, och r\u00f6d kokos, r\u00f6d blink och gr\u00f6n kokos, gr\u00f6n blink och r\u00f6d kokos , silver kokos i w-form, silver vattenfall och avslutar med r\u00f6d, gr\u00f6n och bl\u00e5 krysantem och som priclken p\u00e5 i; tv\u00e5 m\u00e5ngdubbla skott med 1000 silverblomma med knaster effekt.<\/p>\n","protected":false},"featured_media":4669,"template":"","meta":{"spay_email":""},"_links":{"self":[{"href":"https:\/\/www.johopyro.fi\/shop\/sv\/wp-json\/wp\/v2\/product\/4667"}],"collection":[{"href":"https:\/\/www.johopyro.fi\/shop\/sv\/wp-json\/wp\/v2\/product"}],"about":[{"href":"https:\/\/www.johopyro.fi\/shop\/sv\/wp-json\/wp\/v2\/types\/product"}],"wp:featuredmedia":[{"embeddable":true,"href":"https:\/\/www.johopyro.fi\/shop\/sv\/wp-json\/wp\/v2\/media\/4669"}],"wp:attachment":[{"href":"https:\/\/www.johopyro.fi\/shop\/sv\/wp-json\/wp\/v2\/media?parent=4667"}],"curies":[{"name":"wp","href":"https:\/\/api.w.org\/{rel}","templated":true}]}}