{"id":4671,"date":"2020-09-28T06:37:53","date_gmt":"2020-09-28T06:37:53","guid":{"rendered":"http:\/\/www.johopyro.fi\/shop\/?post_type=product&#038;p=4671"},"modified":"2020-09-28T06:44:28","modified_gmt":"2020-09-28T06:44:28","slug":"red-silver","status":"publish","type":"product","link":"https:\/\/www.johopyro.fi\/shop\/sv\/produkt\/red-silver\/","title":{"rendered":"Red &#038; Silver"},"content":{"rendered":"<p><iframe loading=\"lazy\" title=\"vimeo-player\" src=\"https:\/\/player.vimeo.com\/video\/292176518\" width=\"640\" height=\"360\" frameborder=\"0\" allowfullscreen><\/iframe><\/p>\n","protected":false},"excerpt":{"rendered":"<p>Ett stort elegant batteri i tv\u00e5 f\u00e4rger, r\u00f6tt och silver. Lugnare inledning dahlior och palm. Blir intensivare med r\u00f6tt och silver piltr\u00e4d, och palm i snabb W formation. F\u00f6ljes av spinnande silversvans i Z-formation och g\u00f6r \u00f6ver i en final med r\u00f6da dahlior och silver- brokadkronor. I b\u00f6rjan och slutet har pj\u00e4serna sk. bouquet, dvs svans av mintyp i silver eller r\u00f6tt.<\/p>\n","protected":false},"featured_media":5068,"template":"","meta":{"spay_email":""},"_links":{"self":[{"href":"https:\/\/www.johopyro.fi\/shop\/sv\/wp-json\/wp\/v2\/product\/4671"}],"collection":[{"href":"https:\/\/www.johopyro.fi\/shop\/sv\/wp-json\/wp\/v2\/product"}],"about":[{"href":"https:\/\/www.johopyro.fi\/shop\/sv\/wp-json\/wp\/v2\/types\/product"}],"wp:featuredmedia":[{"embeddable":true,"href":"https:\/\/www.johopyro.fi\/shop\/sv\/wp-json\/wp\/v2\/media\/5068"}],"wp:attachment":[{"href":"https:\/\/www.johopyro.fi\/shop\/sv\/wp-json\/wp\/v2\/media?parent=4671"}],"curies":[{"name":"wp","href":"https:\/\/api.w.org\/{rel}","templated":true}]}}