{"id":4675,"date":"2020-09-28T06:49:33","date_gmt":"2020-09-28T06:49:33","guid":{"rendered":"http:\/\/www.johopyro.fi\/shop\/?post_type=product&#038;p=4675"},"modified":"2020-09-28T06:57:44","modified_gmt":"2020-09-28T06:57:44","slug":"royal","status":"publish","type":"product","link":"https:\/\/www.johopyro.fi\/shop\/sv\/produkt\/royal\/","title":{"rendered":"Royal"},"content":{"rendered":"<p><iframe loading=\"lazy\" title=\"vimeo-player\" src=\"https:\/\/player.vimeo.com\/video\/242025760\" width=\"640\" height=\"360\" frameborder=\"0\" allowfullscreen><\/iframe><\/p>\n","protected":false},"excerpt":{"rendered":"<p>Ett stort batteri men mindre r\u00f6rdiameter och ett stort antal skott med 13 olika effekter. B\u00f6rjar med dalior i gult, ljusr\u00f6tt och vitt, forts\u00e4tter med r\u00f6da som g\u00e5r \u00f6ver till bl\u00e5tt och guld.. Detta f\u00f6ljs av en ny sekvens i r\u00f6tt och gr\u00f6nt med blink i W \u2013 form med h\u00e4ngande silver kvastar i bred formation. F\u00f6ljer en sekvens med silver och r\u00f6d och efter det silver stj\u00e4rnskott. Programmet forts\u00f6tter med en liknande sekvens som i b\u00f6rjan f\u00f6r att avsluta med en kanonad av silver krysantemer om ett fleratal samtidiga skott i silver. Ett elegant och m\u00e5ngskiftande batteri. <\/p>\n","protected":false},"featured_media":4677,"template":"","meta":{"spay_email":""},"_links":{"self":[{"href":"https:\/\/www.johopyro.fi\/shop\/sv\/wp-json\/wp\/v2\/product\/4675"}],"collection":[{"href":"https:\/\/www.johopyro.fi\/shop\/sv\/wp-json\/wp\/v2\/product"}],"about":[{"href":"https:\/\/www.johopyro.fi\/shop\/sv\/wp-json\/wp\/v2\/types\/product"}],"wp:featuredmedia":[{"embeddable":true,"href":"https:\/\/www.johopyro.fi\/shop\/sv\/wp-json\/wp\/v2\/media\/4677"}],"wp:attachment":[{"href":"https:\/\/www.johopyro.fi\/shop\/sv\/wp-json\/wp\/v2\/media?parent=4675"}],"curies":[{"name":"wp","href":"https:\/\/api.w.org\/{rel}","templated":true}]}}