{"id":4679,"date":"2020-09-28T07:07:52","date_gmt":"2020-09-28T07:07:52","guid":{"rendered":"http:\/\/www.johopyro.fi\/shop\/?post_type=product&#038;p=4679"},"modified":"2020-09-28T07:13:20","modified_gmt":"2020-09-28T07:13:20","slug":"showtime","status":"publish","type":"product","link":"https:\/\/www.johopyro.fi\/shop\/sv\/produkt\/showtime\/","title":{"rendered":"Showtime"},"content":{"rendered":"<p><iframe loading=\"lazy\" title=\"vimeo-player\" src=\"https:\/\/player.vimeo.com\/video\/241871961\" width=\"640\" height=\"360\" frameborder=\"0\" allowfullscreen><\/iframe><\/p>\n","protected":false},"excerpt":{"rendered":"<p>Ett stort batteri men mindre r\u00f6rdiameter ett stort antal skott. Det finns 10 olika effekter och f\u00f6r att skapa en tyrevlig final har den sista raden knastrande piltr\u00e4dseffekter och raden skjuts p\u00e5 en g\u00e5ng. Alla efekter har en spinnande silver svans och effekterna \u00e4r dalior i olika f\u00e4rger kombinerat med olikf\u00e4rgade blikeffekter Ett mycket elegant batteri men mycket silver.<\/p>\n","protected":false},"featured_media":5059,"template":"","meta":{"spay_email":""},"_links":{"self":[{"href":"https:\/\/www.johopyro.fi\/shop\/sv\/wp-json\/wp\/v2\/product\/4679"}],"collection":[{"href":"https:\/\/www.johopyro.fi\/shop\/sv\/wp-json\/wp\/v2\/product"}],"about":[{"href":"https:\/\/www.johopyro.fi\/shop\/sv\/wp-json\/wp\/v2\/types\/product"}],"wp:featuredmedia":[{"embeddable":true,"href":"https:\/\/www.johopyro.fi\/shop\/sv\/wp-json\/wp\/v2\/media\/5059"}],"wp:attachment":[{"href":"https:\/\/www.johopyro.fi\/shop\/sv\/wp-json\/wp\/v2\/media?parent=4679"}],"curies":[{"name":"wp","href":"https:\/\/api.w.org\/{rel}","templated":true}]}}