{"id":4734,"date":"2020-09-28T09:53:18","date_gmt":"2020-09-28T09:53:18","guid":{"rendered":"http:\/\/www.johopyro.fi\/shop\/?post_type=product&#038;p=4734"},"modified":"2020-09-28T09:56:50","modified_gmt":"2020-09-28T09:56:50","slug":"stardust","status":"publish","type":"product","link":"https:\/\/www.johopyro.fi\/shop\/sv\/produkt\/stardust\/","title":{"rendered":"Stardust"},"content":{"rendered":"<p><iframe loading=\"lazy\" title=\"vimeo-player\" src=\"https:\/\/player.vimeo.com\/video\/241871968\" width=\"640\" height=\"360\" frameborder=\"0\" allowfullscreen><\/iframe><\/p>\n","protected":false},"excerpt":{"rendered":"<p>En mindre kaka som skjuter effekter med tv\u00e5 olika karakt\u00e4rer. Den f\u00f6rsta halvan inneh\u00e5ller knastarnde guldeffekter med \u00e4ndor I olika f\u00e4rger. Den andra delen \u00e4r dalior I olika f\u00e4rger och en m\u00e4ngd silverblink. Finalen \u00e4r ett salut med knastrande silver.<\/p>\n","protected":false},"featured_media":4736,"template":"","meta":{"spay_email":""},"_links":{"self":[{"href":"https:\/\/www.johopyro.fi\/shop\/sv\/wp-json\/wp\/v2\/product\/4734"}],"collection":[{"href":"https:\/\/www.johopyro.fi\/shop\/sv\/wp-json\/wp\/v2\/product"}],"about":[{"href":"https:\/\/www.johopyro.fi\/shop\/sv\/wp-json\/wp\/v2\/types\/product"}],"wp:featuredmedia":[{"embeddable":true,"href":"https:\/\/www.johopyro.fi\/shop\/sv\/wp-json\/wp\/v2\/media\/4736"}],"wp:attachment":[{"href":"https:\/\/www.johopyro.fi\/shop\/sv\/wp-json\/wp\/v2\/media?parent=4734"}],"curies":[{"name":"wp","href":"https:\/\/api.w.org\/{rel}","templated":true}]}}