{"id":4742,"date":"2020-09-28T10:04:57","date_gmt":"2020-09-28T10:04:57","guid":{"rendered":"http:\/\/www.johopyro.fi\/shop\/?post_type=product&#038;p=4742"},"modified":"2020-09-28T10:09:45","modified_gmt":"2020-09-28T10:09:45","slug":"tropic","status":"publish","type":"product","link":"https:\/\/www.johopyro.fi\/shop\/sv\/produkt\/tropic\/","title":{"rendered":"Tropic"},"content":{"rendered":"<p><iframe loading=\"lazy\" title=\"vimeo-player\" src=\"https:\/\/player.vimeo.com\/video\/241871893\" width=\"640\" height=\"360\" frameborder=\"0\" allowfullscreen><\/iframe><\/p>\n","protected":false},"excerpt":{"rendered":"<p>Ett mellanstort m\u00e5ngf\u00e4rgat batterimed 6 set effekter. Startar med r\u00f6d kokos\/ pistill, lila dalia och brocade krona \/ bl\u00e5 p\u00e4rlor \/ vit blink och guldstj\u00e4rnor i bakgrunden. Finalen \u00e4r 1000 blommor med knastrande guld. <\/p>\n","protected":false},"featured_media":4744,"template":"","meta":{"spay_email":""},"_links":{"self":[{"href":"https:\/\/www.johopyro.fi\/shop\/sv\/wp-json\/wp\/v2\/product\/4742"}],"collection":[{"href":"https:\/\/www.johopyro.fi\/shop\/sv\/wp-json\/wp\/v2\/product"}],"about":[{"href":"https:\/\/www.johopyro.fi\/shop\/sv\/wp-json\/wp\/v2\/types\/product"}],"wp:featuredmedia":[{"embeddable":true,"href":"https:\/\/www.johopyro.fi\/shop\/sv\/wp-json\/wp\/v2\/media\/4744"}],"wp:attachment":[{"href":"https:\/\/www.johopyro.fi\/shop\/sv\/wp-json\/wp\/v2\/media?parent=4742"}],"curies":[{"name":"wp","href":"https:\/\/api.w.org\/{rel}","templated":true}]}}