{"id":5024,"date":"2020-12-08T07:40:28","date_gmt":"2020-12-08T07:48:33","guid":{"rendered":"http:\/\/www.johopyro.fi\/shop\/?post_type=product&#038;p=5024"},"modified":"2020-12-08T08:09:24","modified_gmt":"2020-12-08T08:09:24","slug":"adagio","status":"publish","type":"product","link":"https:\/\/www.johopyro.fi\/shop\/sv\/produkt\/adagio\/","title":{"rendered":"Adagio"},"content":{"rendered":"<p><iframe loading=\"lazy\" src=\"https:\/\/player.vimeo.com\/video\/488412875\" width=\"640\" height=\"360\" frameborder=\"0\" allow=\"autoplay; fullscreen\" allowfullscreen><\/iframe><\/p>\n","protected":false},"excerpt":{"rendered":"<p>Adadgio \u00e4r en fyrverkerit\u00e5rta med effekter som har l\u00e5g ljudniv\u00e5. Adagio betyder: musik i l\u00e5ngsamt tempo. Det \u00e4r en tystare variant som g\u00f6r att du kan ha ett riktigt f\u00e4rgsprakande fyrverkeri med mindre ljud, som exempelvis kan l\u00e4mpa sig b\u00e4ttre om du ska fira ny\u00e5r i n\u00e4rheten av ett bostadsomr\u00e5de eller f\u00f6r den som har djur.<\/p>\n","protected":false},"featured_media":5023,"template":"","meta":{"spay_email":""},"_links":{"self":[{"href":"https:\/\/www.johopyro.fi\/shop\/sv\/wp-json\/wp\/v2\/product\/5024"}],"collection":[{"href":"https:\/\/www.johopyro.fi\/shop\/sv\/wp-json\/wp\/v2\/product"}],"about":[{"href":"https:\/\/www.johopyro.fi\/shop\/sv\/wp-json\/wp\/v2\/types\/product"}],"wp:featuredmedia":[{"embeddable":true,"href":"https:\/\/www.johopyro.fi\/shop\/sv\/wp-json\/wp\/v2\/media\/5023"}],"wp:attachment":[{"href":"https:\/\/www.johopyro.fi\/shop\/sv\/wp-json\/wp\/v2\/media?parent=5024"}],"curies":[{"name":"wp","href":"https:\/\/api.w.org\/{rel}","templated":true}]}}