{"id":99,"date":"2020-09-15T11:13:30","date_gmt":"2020-09-15T11:13:30","guid":{"rendered":"http:\/\/www.johopyro.fi\/shop\/?post_type=product&#038;p=99"},"modified":"2020-09-15T11:19:54","modified_gmt":"2020-09-15T11:19:54","slug":"blockbuster","status":"publish","type":"product","link":"https:\/\/www.johopyro.fi\/shop\/sv\/produkt\/blockbuster\/","title":{"rendered":"Blockbuster"},"content":{"rendered":"<p><iframe loading=\"lazy\" title=\"vimeo-player\" src=\"https:\/\/player.vimeo.com\/video\/242025823\" width=\"640\" height=\"360\" frameborder=\"0\" allowfullscreen><\/iframe><\/p>\n","protected":false},"excerpt":{"rendered":"<p>Ett stort batteri med standardr\u00f6r och l\u00e5ng brinntid f\u00f6r de 10 olika effekterna. Pj\u00e4sen b\u00f6rjar med dalior I olika pastellf\u00e4rger med blink, och g\u00e5r \u00f6ver till silver kronor med med bl\u00e5 p\u00e4rlor. Efter det p\u00e4rleffekter I olika f\u00e4rger och r\u00f6d blink. Mot slutet r\u00f6d +gr\u00f6n och gul +purpur kokos, r\u00f6d, gr\u00f6n and bl\u00e5 dalia och till slut en final med stora silver och gr\u00f6n kokos.<\/p>\n","protected":false},"featured_media":101,"template":"","meta":{"spay_email":""},"_links":{"self":[{"href":"https:\/\/www.johopyro.fi\/shop\/sv\/wp-json\/wp\/v2\/product\/99"}],"collection":[{"href":"https:\/\/www.johopyro.fi\/shop\/sv\/wp-json\/wp\/v2\/product"}],"about":[{"href":"https:\/\/www.johopyro.fi\/shop\/sv\/wp-json\/wp\/v2\/types\/product"}],"wp:featuredmedia":[{"embeddable":true,"href":"https:\/\/www.johopyro.fi\/shop\/sv\/wp-json\/wp\/v2\/media\/101"}],"wp:attachment":[{"href":"https:\/\/www.johopyro.fi\/shop\/sv\/wp-json\/wp\/v2\/media?parent=99"}],"curies":[{"name":"wp","href":"https:\/\/api.w.org\/{rel}","templated":true}]}}