{"id":4580,"date":"2020-09-24T09:46:43","date_gmt":"2020-09-24T09:46:43","guid":{"rendered":"http:\/\/www.johopyro.fi\/shop\/?page_id=4580"},"modified":"2020-10-07T07:54:16","modified_gmt":"2020-10-07T07:54:16","slug":"maaritelmia-ja-kasitteita","status":"publish","type":"page","link":"https:\/\/www.johopyro.fi\/shop\/maaritelmia-ja-kasitteita\/","title":{"rendered":"M\u00e4\u00e4ritelmi\u00e4 ja k\u00e4sitteit\u00e4"},"content":{"rendered":"\t\t<div data-elementor-type=\"wp-page\" data-elementor-id=\"4580\" class=\"elementor elementor-4580\" data-elementor-settings=\"[]\">\n\t\t\t\t\t\t<div class=\"elementor-inner\">\n\t\t\t\t\t\t\t<div class=\"elementor-section-wrap\">\n\t\t\t\t\t\t\t<section class=\"elementor-section elementor-top-section elementor-element elementor-element-cf2b688 elementor-section-boxed elementor-section-height-default elementor-section-height-default\" data-id=\"cf2b688\" data-element_type=\"section\" data-settings=\"{&quot;background_background&quot;:&quot;classic&quot;}\">\n\t\t\t\t\t\t\t<div class=\"elementor-background-overlay\"><\/div>\n\t\t\t\t\t\t\t<div class=\"elementor-container elementor-column-gap-default\">\n\t\t\t\t\t\t\t<div class=\"elementor-row\">\n\t\t\t\t\t<div class=\"elementor-column elementor-col-100 elementor-top-column elementor-element elementor-element-76d7e7e\" data-id=\"76d7e7e\" data-element_type=\"column\">\n\t\t\t<div class=\"elementor-column-wrap elementor-element-populated\">\n\t\t\t\t\t\t\t<div class=\"elementor-widget-wrap\">\n\t\t\t\t\t\t<div class=\"elementor-element elementor-element-e29bbfe elementor-widget elementor-widget-heading\" data-id=\"e29bbfe\" data-element_type=\"widget\" data-widget_type=\"heading.default\">\n\t\t\t\t<div class=\"elementor-widget-container\">\n\t\t\t<h2 class=\"elementor-heading-title elementor-size-default\">M\u00e4\u00e4ritelmi\u00e4 ja k\u00e4sitteit\u00e4<\/h2>\t\t<\/div>\n\t\t\t\t<\/div>\n\t\t\t\t\t\t<\/div>\n\t\t\t\t\t<\/div>\n\t\t<\/div>\n\t\t\t\t\t\t\t\t<\/div>\n\t\t\t\t\t<\/div>\n\t\t<\/section>\n\t\t\t\t<section class=\"elementor-section elementor-top-section elementor-element elementor-element-abbf631 elementor-section-boxed elementor-section-height-default elementor-section-height-default\" data-id=\"abbf631\" data-element_type=\"section\" data-settings=\"{&quot;background_background&quot;:&quot;classic&quot;}\">\n\t\t\t\t\t\t<div class=\"elementor-container elementor-column-gap-default\">\n\t\t\t\t\t\t\t<div class=\"elementor-row\">\n\t\t\t\t\t<div class=\"elementor-column elementor-col-100 elementor-top-column elementor-element elementor-element-1ec28b6\" data-id=\"1ec28b6\" data-element_type=\"column\">\n\t\t\t<div class=\"elementor-column-wrap elementor-element-populated\">\n\t\t\t\t\t\t\t<div class=\"elementor-widget-wrap\">\n\t\t\t\t\t\t<div class=\"elementor-element elementor-element-20da5a7 elementor-widget elementor-widget-text-editor\" data-id=\"20da5a7\" data-element_type=\"widget\" data-widget_type=\"text-editor.default\">\n\t\t\t\t<div class=\"elementor-widget-container\">\n\t\t\t\t\t\t\t\t<div class=\"elementor-text-editor elementor-clearfix\">\n\t\t\t\t<h3>Nousukorkeus<\/h3><p>Useimmissa ilotulitteissa (Padat, one shot:it) on yksi tai useita ns ampumaputkea, joissa jokaisessa on ns nostopanos, jonka teht\u00e4v\u00e4 on nostaa ilotulitteen efektin (my\u00f6s t\u00e4htipommina tunnettu) putkesta ilmaan. Ilmassa t\u00e4htipommin sis\u00e4ll\u00e4 oleva avauspanos r\u00e4j\u00e4ht\u00e4\u00e4 ja muodostaa t\u00e4htikuvion. Nousukorkeus tarkoittaa kuinka korkealle efekti (t\u00e4htipommi) nousee ennen kuin se r\u00e4j\u00e4ht\u00e4\u00e4.<\/p><p>Tavalliselle 30 mm putkelle nousukorkeus voi olla 30-50 m ja t\u00e4htikuvion koko ilmassa voi olla 20-30 m l\u00e4pimitaltaan.<\/p><p>Raketti toimii niin, ett\u00e4 siihen on kiinnitetty pieni suihkumoottori ilotulitteen ohjauskeppiin ja moottorin p\u00e4\u00e4ll\u00e4 on kiinnitetty efekti. Palattuaan loppuun moottori sytytt\u00e4\u00e4 efektin. Raketin nousukorkeus on 40-70m<\/p><h3>Turvaet\u00e4isyys<\/h3><p>Turvaet\u00e4isyydell\u00e4 tarkoitetaan et\u00e4isyytt\u00e4, jonka taakse tulisi sijoittautua jos haluaa seurata ilotulitusta jotakuinkin turvallisesti. Ilotulitteet ovat itse asiassa hyvin turvallisia oikein k\u00e4ytettyin\u00e4, mutta aina voi jotain sattua. Turvaet\u00e4isyys l\u00f6ytyy joka tulitteen merkkikilvest\u00e4.<\/p><p>Jos ammut monta erilaista tulitetta sijoita yleis\u00f6 (tai tulitteet) suurimman et\u00e4isyyden mukaisesti.<\/p><p>T\u00e4htipommeja ampuvan tulitteen (esim pata) kohdalta on helppo ymm\u00e4rt\u00e4\u00e4 mist\u00e4 turvaet\u00e4isyys tulee. Voimme kuvitella ett\u00e4 kun nostopanos heitt\u00e4\u00e4 efektin putkesta korkealle ilmaan ja efekti r\u00e4j\u00e4ht\u00e4\u00e4 siell\u00e4, niin ilmassa t\u00e4htikuvion halkaisija koko voi olla esim. 30 m. Mutta jos efekti ei nousekaan kuin vain 10 m niin t\u00e4htikuvio muodostuu maantasolla. Sama tapahtuu jos raketin keppi jumittuu tukeen, josta se ammutaan. Silloin palavia t\u00e4hti\u00e4 sinkoilee 20-30 m ampumapaikan ymp\u00e4rille. Viel\u00e4 pahempaa seuraa jos efekti r\u00e4j\u00e4ht\u00e4\u00e4 jo putkessa ollessaan, koska silloin koko pata saattaa r\u00e4j\u00e4ht\u00e4\u00e4 tuhoisin seurauksin.<\/p><p><strong>Turvaet\u00e4isyys on se et\u00e4isyys tulitteisiin, jonka takana on pysytt\u00e4v\u00e4, jotta esityksen seuraaminen olisi turvallista.<\/strong><\/p><p><strong>Huomaa, ett\u00e4 pata voi kaatua<\/strong> koska sen alusta jossa se seisoo ei ole t\u00e4ysin tasainen, t\u00e4ysin tukeva tai jos alusta on liukas tai pehme\u00e4. T\u00e4m\u00e4 aiheuttaa suuren vaaran. Kaatuessaan pata \u201campuu sivuttain\u201d ja pahimmassa tapauksessa kohti katsojia tai ampujaa. Silloin ei aina edes turvaet\u00e4isyys riit\u00e4.<\/p><p><strong>Vastuullinen ilotulittaja varmistaa AINA etuk\u00e4teen ett\u00e4 pata ei voi kaatua kun h\u00e4n ampuu.<\/strong><\/p><p>Olet ehk\u00e4 huomannut, ett\u00e4 ammattilaiset ty\u00f6skentelev\u00e4t paljon l\u00e4hemp\u00e4n\u00e4 tulitteita kuin katsojat. Sit\u00e4 he voivat tehd\u00e4 koska heill\u00e4 on oikeat varusteet: eli palonkest\u00e4v\u00e4t vaatteet, suojakyp\u00e4r\u00e4, suojalasit tai visiiri, hanskat, vahvat jalkineet jne. Heill\u00e4 on my\u00f6s vakuutus vahinkojen varalle.<\/p><h3>Tulitteen laji (Tyyppi)<\/h3><p>Tulitteet voidaan karkeasti jakaa kahteen kategoriaan; tulitteet, jotka toimivat maassa tai jotka toimivat ilmassa. Raketti nousee maasta ja tekee kuvionsa ilmassa. Suihku seisoo maassa ja suihkuttaa\u00a0 hopeat\u00f6ytt\u00f6\u00e4. Pata ampuu pieni\u00e4 t\u00e4htipommeja ilmaan, joissa muodostuu t\u00e4htikuvio. Tavanomaiset tulitteiden tyypit ovat padat, raketit, suihkut, one shotit ja roomalaiset. \u201cOne shot\u201d ampuu yhden laukauksen ilmaan. Roomalainen ampuu useita; se on kuten on pata, mutta kaikki paukut on yhdess\u00e4 putkessa.<\/p><h3>Toiminta-aika<\/h3><p>T\u00e4m\u00e4 on t\u00e4rke\u00e4 tieto kun suunnitellaan n\u00e4yt\u00f6st\u00e4. Jotta voisi sytytt\u00e4\u00e4 seuraavan tulitteen n\u00e4yt\u00f6ksess\u00e4 ilan ett\u00e4 tulee tauko, pit\u00e4isi tiet\u00e4\u00e4 milloin edellinen lopettaa. Toiminta-ajalla tarkoitetaan kuinka kauan ilotulite toimii siit\u00e4 kun ensimm\u00e4inen efekti nousee siihen kunnes viimeinen on sammunut.<\/p><p>Kaikissa kuluttajatuotteissa on ns turvasytytyslanka jonka paloaika on n. 7 sek. T\u00e4t\u00e4 aikaa ei lasketa toiminta-aikaan.<\/p><h3>Nettoruutipaino<\/h3><p>Ei kerro paljonko tulite painaa vaan kuinka paljon siin\u00e4 on palomassaa. Korkein sallittu raja Suomessa on 1000 g<\/p><h3>Mihin sopii n\u00e4yt\u00f6ksess\u00e4<\/h3><p>Tyypillinen \u201cmielest\u00e4ni\u201d- m\u00e4\u00e4ritelm\u00e4. Klassisessa ilotulitusn\u00e4yt\u00f6ksess\u00e4 aloitetaan rauhallisesti ja lopetetaan intensiivisesti.<\/p><h3>Mihin k\u00e4ytt\u00f6\u00f6n<\/h3><p>Joka ilotulittajalla on varmasti oma mielipiteens\u00e4 siit\u00e4 miss\u00e4 jotain tulitetta voi k\u00e4ytt\u00e4\u00e4. Mutta jos yhdist\u00e4\u00e4 t\u00e4m\u00e4n k\u00e4sityksen kysymyksiin kuten \u201cmihin sopii n\u00e4yt\u00f6ksess\u00e4\u201d,\u00a0 intensiteettiin ja melutasoon, niin l\u00f6ytyy osaset, joilla rakennetaan haluttu tunnelma n\u00e4yt\u00f6kseen.<\/p><h3>Intensiteetti<\/h3><p>Kuvaa, taas subjektiivisesti, tulitteen dynamiikka.<\/p><h3>Vaikea kysymys koskien \u201ch\u00e4iritsev\u00e4\u00e4 melua\u201d<\/h3><p>Kysymys on olennainen, lue siit\u00e4 syyst\u00e4 alla oleva, jotta tiet\u00e4isit miten l\u00e4hesty\u00e4 asiaa ja miten toimia.<\/p><p>Ammattilaismaailmassa asialla on my\u00f6s suuri merkitys. Vallitsevat s\u00e4\u00e4nn\u00f6kset l\u00f6ytyv\u00e4t ymp\u00e4rist\u00f6lains\u00e4\u00e4d\u00e4nn\u00f6st\u00e4 ja t\u00e4m\u00e4h\u00e4n p\u00e4tee ammattilaisille kuin kuluttajille.<\/p><p>Ilotulitus aiheuttaa ns \u201ctilap\u00e4ist\u00e4 melua\u201d. Lain mukaan tilap\u00e4isen melua saa synty\u00e4 ennen klo 22.00 korkeintaan 55 dB mitattuna asunnon sis\u00e4lt\u00e4 ja klo 22.00-24.00 v\u00e4lill\u00e4 korkeintaan 45 dB. Klo 24.00 ei saa kuulua tilap\u00e4ist\u00e4 melua laisinkaan. Huomaa, ett\u00e4 uutenavuotenakin p\u00e4tee ymp\u00e4rist\u00f6laki, mutta sen soveltaminen lienee mahdottomuus. Sen sijaan jos ampuu ilotulituksia muina vuoden aikoina, niin ymp\u00e4rist\u00f6lain pyk\u00e4li\u00e4 on noudatettava.<\/p><p>On hyv\u00e4 ymm\u00e4rt\u00e4\u00e4 miten ilotulitteet toimivat, jotta melukysymys tulisi selv\u00e4ksi:<\/p><p><strong>Puhutaan ensin padasta<\/strong><br \/>Padassa on joukko yhteen limattuja putkia jotka ampuvat efektej\u00e4 ilmaan. Kun jokin putki ampuu, kuuluu ensin \u201cnostopanoksen\u201d \u00e4\u00e4ni. T\u00e4m\u00e4 heitt\u00e4\u00e4 efektin ilmaan. Seuraava \u00e4\u00e4ni tulee kun efektin \u201cavauspanos\u201d r\u00e4j\u00e4ht\u00e4\u00e4 heitt\u00e4en t\u00e4hdet kuvioksi taivaalle.\u00a0 Itse efektiss\u00e4 saattaa olla \u00e4\u00e4nt\u00e4 esim r\u00e4tin\u00e4\u00e4. Eli padasta voi l\u00e4hte\u00e4 kolmenlaista \u00e4\u00e4nt\u00e4.<\/p><p><strong>Mutta kaikki tulitteet eiv\u00e4t toimi samalla tavalla?<\/strong><br \/>Toisilla tulitteilla ei ole avauspanosta ja toisilla ei my\u00f6sk\u00e4\u00e4n nostopanosta. Esimekiksi roomalaisella kynttil\u00e4ll\u00e4 on kyll\u00e4 nostopanos, mutta ei avauspanosta, koska sen efekti vain palaa pallona \u00e4\u00e4nett\u00f6m\u00e4sti ilmassa. Suihkulla ei ole kumpaakaan panosta vaan se palaa maassa seisoen purskuavalla \u00e4\u00e4nell\u00e4. Tulitteilla, joissa ei ole avauspanosta kuuluu vain paukku maantasolla. Tulitteilla, joilla ei ole kumpaakaan eiv\u00e4t pauku laisinkaan.<\/p><p>Paukun voimakkuus riippuu ruudin m\u00e4\u00e4r\u00e4st\u00e4 panoksesta, eli isomman kaliiperin putket paukkuvat enemm\u00e4n sek\u00e4 massa ett\u00e4 ilmassa. My\u00f6s effektin laadulla on merkitys, mutta se on jo vaikeampi kysymys jota t\u00e4ss\u00e4 ei k\u00e4sitell\u00e4.<\/p><p><strong>Mist\u00e4 syntyy \u201ch\u00e4iritsev\u00e4 melu\u201d<\/strong><br \/>Jos tulitteella on avauspanos, joka r\u00e4j\u00e4ht\u00e4\u00e4 korkealla ilmassa niin se kuuluu AINA kauas. Mit\u00e4 suuremmat putket, sit\u00e4 kauemmas \u00e4\u00e4ni kuuluu. Jos tulitteessa on vain nostopanos, niin paukku j\u00e4\u00e4 maantasolle. \u00c4\u00e4ni levi\u00e4\u00e4 ymp\u00e4rist\u00f6\u00f6n, mutta sen levi\u00e4mist\u00e4 vaimentaa puut, rakenteet, ruohikko, maa, jne eli se vaimenee paljon nopeammin kuin vapaassa ilmassa liikkuva \u00e4\u00e4ni.<\/p><p><strong>Mit\u00e4 t\u00e4m\u00e4 tarkoittaa k\u00e4yt\u00e4nn\u00f6ss\u00e4?<\/strong><br \/>Jos ammut ilotulituksen taajamassa \u00e4\u00e4nekk\u00e4ill\u00e4 tulitteilla klo 22.00 j\u00e4lkeen, niin sinun on tiedotettava ymp\u00e4rist\u00f6lle ett\u00e4 sin\u00e4 tulet meluamaan. Tiedota kaikkia esim. 1 km et\u00e4isyydell\u00e4. Paikkakunnan \u201cpuskaradio\u201d on my\u00f6s hyv\u00e4 keino. T\u00e4m\u00e4 ei siis koske uuttavuotta.<\/p><p>Jos haluat ampua meluavilla ilotulitteilla klo 22.00 j\u00e4lkeen, niin voi hyvin olla, ett\u00e4 et saa lupaa pelastusviranomaisilta. Jos sen sijaan pyyd\u00e4t lupaa ampua ns hiljaisen ilotulituksen, jossa vain k\u00e4yt\u00e4t roomalaisia, suihkuja ja muuta hiljaista tavaraa, niin voit hyvin perustella, ett\u00e4 t\u00e4yt\u00e4t ymp\u00e4rist\u00f6lains\u00e4\u00e4d\u00e4nn\u00f6n vaatimukset. Edelleen sinun on tiedotettava l\u00e4hiymp\u00e4rist\u00f6\u00f6n ilotulituksesta.<\/p><p>Jos haluat ampua 24.00 j\u00e4lkeen varaudu siihen, ett\u00e4 et saa lupaa tai, ett\u00e4 sinun on rahdattava ilotulituksesi sek\u00e4 kaikki katsojasi jonnekin korpeen, jossa voit h\u00e4irit\u00e4 vain susia ja y\u00f6p\u00f6ll\u00f6j\u00e4.<\/p><p><strong>Vastuullinen ilotulittaja !<\/strong><br \/>Ota huomioon ymp\u00e4rist\u00f6si ja katsojasi. Ilotulitus voi olla ymp\u00e4rist\u00f6lle ja el\u00e4imille h\u00e4iritsev\u00e4, ja varsin usein el\u00e4inten omistajille. Jos s\u00e4vell\u00e4t ilotulituksen 80-vuotiaalle t\u00e4dillesi, niin tee jotain joka on kaunista muttei \u00e4\u00e4nek\u00e4st\u00e4. Ajattele lasten herkki\u00e4 korvia ja anna heille suojalasien lis\u00e4ksi kuulosuojaimet.<\/p>\t\t\t\t\t<\/div>\n\t\t\t\t\t\t<\/div>\n\t\t\t\t<\/div>\n\t\t\t\t\t\t<\/div>\n\t\t\t\t\t<\/div>\n\t\t<\/div>\n\t\t\t\t\t\t\t\t<\/div>\n\t\t\t\t\t<\/div>\n\t\t<\/section>\n\t\t\t\t\t\t<\/div>\n\t\t\t\t\t\t<\/div>\n\t\t\t\t\t<\/div>\n\t\t","protected":false},"excerpt":{"rendered":"<p>M\u00e4\u00e4ritelmi\u00e4 ja k\u00e4sitteit\u00e4 Nousukorkeus Useimmissa ilotulitteissa (Padat, one shot:it) on yksi tai useita ns ampumaputkea, joissa jokaisessa on ns nostopanos, jonka teht\u00e4v\u00e4 on nostaa ilotulitteen efektin (my\u00f6s t\u00e4htipommina tunnettu) putkesta ilmaan. Ilmassa t\u00e4htipommin sis\u00e4ll\u00e4 oleva avauspanos r\u00e4j\u00e4ht\u00e4\u00e4 ja muodostaa t\u00e4htikuvion. Nousukorkeus tarkoittaa kuinka korkealle efekti (t\u00e4htipommi) nousee ennen kuin se r\u00e4j\u00e4ht\u00e4\u00e4. Tavalliselle 30 mm putkelle [&hellip;]<\/p>\n","protected":false},"author":1,"featured_media":0,"parent":0,"menu_order":0,"comment_status":"closed","ping_status":"closed","template":"elementor_header_footer","meta":{"spay_email":""},"_links":{"self":[{"href":"https:\/\/www.johopyro.fi\/shop\/wp-json\/wp\/v2\/pages\/4580"}],"collection":[{"href":"https:\/\/www.johopyro.fi\/shop\/wp-json\/wp\/v2\/pages"}],"about":[{"href":"https:\/\/www.johopyro.fi\/shop\/wp-json\/wp\/v2\/types\/page"}],"author":[{"embeddable":true,"href":"https:\/\/www.johopyro.fi\/shop\/wp-json\/wp\/v2\/users\/1"}],"replies":[{"embeddable":true,"href":"https:\/\/www.johopyro.fi\/shop\/wp-json\/wp\/v2\/comments?post=4580"}],"version-history":[{"count":6,"href":"https:\/\/www.johopyro.fi\/shop\/wp-json\/wp\/v2\/pages\/4580\/revisions"}],"predecessor-version":[{"id":4766,"href":"https:\/\/www.johopyro.fi\/shop\/wp-json\/wp\/v2\/pages\/4580\/revisions\/4766"}],"wp:attachment":[{"href":"https:\/\/www.johopyro.fi\/shop\/wp-json\/wp\/v2\/media?parent=4580"}],"curies":[{"name":"wp","href":"https:\/\/api.w.org\/{rel}","templated":true}]}}