{"id":4587,"date":"2020-09-24T10:01:15","date_gmt":"2020-09-24T10:01:15","guid":{"rendered":"http:\/\/www.johopyro.fi\/shop\/?page_id=4587"},"modified":"2020-10-07T07:54:16","modified_gmt":"2020-10-07T07:54:16","slug":"efektien-nimeaminen","status":"publish","type":"page","link":"https:\/\/www.johopyro.fi\/shop\/efektien-nimeaminen\/","title":{"rendered":"Efektien nime\u00e4minen"},"content":{"rendered":"\t\t<div data-elementor-type=\"wp-page\" data-elementor-id=\"4587\" class=\"elementor elementor-4587\" data-elementor-settings=\"[]\">\n\t\t\t\t\t\t<div class=\"elementor-inner\">\n\t\t\t\t\t\t\t<div class=\"elementor-section-wrap\">\n\t\t\t\t\t\t\t<section class=\"elementor-section elementor-top-section elementor-element elementor-element-0f19c6f elementor-section-boxed elementor-section-height-default elementor-section-height-default\" data-id=\"0f19c6f\" data-element_type=\"section\" data-settings=\"{&quot;background_background&quot;:&quot;classic&quot;}\">\n\t\t\t\t\t\t\t<div class=\"elementor-background-overlay\"><\/div>\n\t\t\t\t\t\t\t<div class=\"elementor-container elementor-column-gap-default\">\n\t\t\t\t\t\t\t<div class=\"elementor-row\">\n\t\t\t\t\t<div class=\"elementor-column elementor-col-100 elementor-top-column elementor-element elementor-element-7001cac\" data-id=\"7001cac\" data-element_type=\"column\">\n\t\t\t<div class=\"elementor-column-wrap elementor-element-populated\">\n\t\t\t\t\t\t\t<div class=\"elementor-widget-wrap\">\n\t\t\t\t\t\t<div class=\"elementor-element elementor-element-e54e10f elementor-widget elementor-widget-heading\" data-id=\"e54e10f\" data-element_type=\"widget\" data-widget_type=\"heading.default\">\n\t\t\t\t<div class=\"elementor-widget-container\">\n\t\t\t<h2 class=\"elementor-heading-title elementor-size-default\">Efektien nime\u00e4minen<\/h2>\t\t<\/div>\n\t\t\t\t<\/div>\n\t\t\t\t\t\t<\/div>\n\t\t\t\t\t<\/div>\n\t\t<\/div>\n\t\t\t\t\t\t\t\t<\/div>\n\t\t\t\t\t<\/div>\n\t\t<\/section>\n\t\t\t\t<section class=\"elementor-section elementor-top-section elementor-element elementor-element-7336ec5d elementor-section-boxed elementor-section-height-default elementor-section-height-default\" data-id=\"7336ec5d\" data-element_type=\"section\" data-settings=\"{&quot;background_background&quot;:&quot;classic&quot;}\">\n\t\t\t\t\t\t<div class=\"elementor-container elementor-column-gap-default\">\n\t\t\t\t\t\t\t<div class=\"elementor-row\">\n\t\t\t\t\t<div class=\"elementor-column elementor-col-100 elementor-top-column elementor-element elementor-element-5461828e\" data-id=\"5461828e\" data-element_type=\"column\">\n\t\t\t<div class=\"elementor-column-wrap elementor-element-populated\">\n\t\t\t\t\t\t\t<div class=\"elementor-widget-wrap\">\n\t\t\t\t\t\t<div class=\"elementor-element elementor-element-4334c06f elementor-widget elementor-widget-text-editor\" data-id=\"4334c06f\" data-element_type=\"widget\" data-widget_type=\"text-editor.default\">\n\t\t\t\t<div class=\"elementor-widget-container\">\n\t\t\t\t\t\t\t\t<div class=\"elementor-text-editor elementor-clearfix\">\n\t\t\t\t<p>Mysteeri my\u00f6s ammattilaisille, koska joka valmistaja yritt\u00e4\u00e4 keksi\u00e4 uusia efektej\u00e4 ja antaa niille uusia nimi\u00e4. Mutta logiikka on melko helppo ja perustuu kukkiin ja kasvitieteeseen. Englannin kieli on valta-asemassa.<\/p><p>Voimme siis ajatella, ett\u00e4 ilotulitteen efekti muodostaa kukan taivaalle. Alla tavanomaisimpien nimien k\u00e4\u00e4nn\u00f6kset ja selitykset. Verkosta l\u00f6ytyy kiinnostuneelle runsaasti videoita ja lis\u00e4tietoja. (hae: fireworks, effect names)<\/p><p>Sanalla \u201ct\u00e4hti\u201d tarkoitetaan pient\u00e4 pyromassa- m\u00f6ykky\u00e4 joka syttyy palamaan kun efektin avauspanos heitt\u00e4\u00e4 kaikki m\u00f6ykyt lent\u00e4m\u00e4\u00e4n ilmassa ja jotka muodostavat sitten t\u00e4htikuvion. Kuvio siis muodostuu n\u00e4iden kappaleiden palaessa ilmassa tai\/ja siit\u00e4 ett\u00e4 ne j\u00e4tt\u00e4v\u00e4t j\u00e4lkeens\u00e4 vanan palaessaan.<\/p><table class=\"names\" border=\"0\" width=\"100%\" cellspacing=\"1\" cellpadding=\"20\"><thead><tr><th width=\"14%\"><strong>Englanti<\/strong><\/th><th width=\"11%\"><strong>Suomi<\/strong><\/th><th width=\"10%\"><strong>Ruotsi<\/strong><\/th><th width=\"65%\"><strong>T\u00e4htikuvio &#8211; selitys<\/strong><\/th><\/tr><\/thead><tbody><tr bgcolor=\"#FFFFFF\"><td>Peony<\/td><td>Pioni<\/td><td>Pion<\/td><td>Tihe\u00e4 py\u00f6re\u00e4 kukka, usein tihe\u00e4 ja nopea.<\/td><\/tr><tr><td bgcolor=\"#E5E5E5\">Dahlia<\/td><td bgcolor=\"#E5E5E5\">Daalia<\/td><td bgcolor=\"#E5E5E5\">Dahlia<\/td><td bgcolor=\"#E5E5E5\">Harvempi kukka. Siin\u00e4 erilliset t\u00e4hdet palavat ilman vanaa.<\/td><\/tr><tr bgcolor=\"#FFFFFF\"><td>Chrysanthemum<\/td><td>Krysanteemi<\/td><td>Krysantem<\/td><td>My\u00f6s harva kukka mutta t\u00e4hdet j\u00e4tt\u00e4v\u00e4t selv\u00e4n vanan j\u00e4lkeens\u00e4.<\/td><\/tr><tr><td bgcolor=\"#E5E5E5\">Coco<\/td><td bgcolor=\"#E5E5E5\">Kookos<\/td><td bgcolor=\"#E5E5E5\">Kokos<\/td><td bgcolor=\"#E5E5E5\">V\u00e4\u00e4r\u00e4\u00e4n johtava nimi, koska sill\u00e4 tarkoitetaan kookospalmun lehti\u00e4. Jos efektill\u00e4 on h\u00e4nt\u00e4, t\u00e4m\u00e4 on palmun runko.<\/td><\/tr><tr bgcolor=\"#FFFFFF\"><td>Willow<\/td><td>Paju<\/td><td>Piltr\u00e4d<\/td><td>Kuvittele riippupajua jonka ohkaiset oksat ja lehdet muodostavat hienos\u00e4ikeisen kuvion.<\/td><\/tr><tr><td bgcolor=\"#E5E5E5\">&#8221;Tail&#8221;<\/td><td bgcolor=\"#E5E5E5\">H\u00e4nt\u00e4<\/td><td bgcolor=\"#E5E5E5\">Svans<\/td><td bgcolor=\"#E5E5E5\">H\u00e4nn\u00e4ll\u00e4 tarkoitetaan efektin noustessa j\u00e4lkeen j\u00e4\u00e4v\u00e4\u00e4 vanaa.<\/td><\/tr><tr bgcolor=\"#FFFFFF\"><td>Brocade<\/td><td>Brokaadi<\/td><td>Brokad<\/td><td>Oikeastaan kullanv\u00e4rinen efekti. Yleens\u00e4 paksus\u00e4ikeinen.<\/td><\/tr><tr><td bgcolor=\"#E5E5E5\">Crown<\/td><td bgcolor=\"#E5E5E5\">Kruunu<\/td><td bgcolor=\"#E5E5E5\">Krona<\/td><td bgcolor=\"#E5E5E5\">Oikea kruunu muodostuu kun t\u00e4hdet palavat niin kauan ett\u00e4 ehtiv\u00e4t k\u00e4\u00e4nty\u00e4 putoamaan maata kohti.<\/td><\/tr><tr bgcolor=\"#FFFFFF\"><td>Strobing<\/td><td>Vilkkuva<\/td><td>Blink<\/td><td>T\u00e4hti ei pala tasaisesti vaan v\u00e4lkkyen. Usein samassa efektiss\u00e4 on sek\u00e4 vilkkuvia ett\u00e4 ei vilkkuvia t\u00e4hti\u00e4.<\/td><\/tr><tr><td bgcolor=\"#E5E5E5\">Pearl<\/td><td bgcolor=\"#E5E5E5\">Helmi<\/td><td bgcolor=\"#E5E5E5\">P\u00e4rla<\/td><td bgcolor=\"#E5E5E5\">Isompi t\u00e4hti. Kuvio on usein ilman erityist\u00e4 kukkamuotoa.<\/td><\/tr><\/tbody><\/table>\t\t\t\t\t<\/div>\n\t\t\t\t\t\t<\/div>\n\t\t\t\t<\/div>\n\t\t\t\t\t\t<\/div>\n\t\t\t\t\t<\/div>\n\t\t<\/div>\n\t\t\t\t\t\t\t\t<\/div>\n\t\t\t\t\t<\/div>\n\t\t<\/section>\n\t\t\t\t\t\t<\/div>\n\t\t\t\t\t\t<\/div>\n\t\t\t\t\t<\/div>\n\t\t","protected":false},"excerpt":{"rendered":"<p>Efektien nime\u00e4minen Mysteeri my\u00f6s ammattilaisille, koska joka valmistaja yritt\u00e4\u00e4 keksi\u00e4 uusia efektej\u00e4 ja antaa niille uusia nimi\u00e4. Mutta logiikka on melko helppo ja perustuu kukkiin ja kasvitieteeseen. Englannin kieli on valta-asemassa. Voimme siis ajatella, ett\u00e4 ilotulitteen efekti muodostaa kukan taivaalle. Alla tavanomaisimpien nimien k\u00e4\u00e4nn\u00f6kset ja selitykset. Verkosta l\u00f6ytyy kiinnostuneelle runsaasti videoita ja lis\u00e4tietoja. (hae: fireworks, [&hellip;]<\/p>\n","protected":false},"author":1,"featured_media":0,"parent":0,"menu_order":0,"comment_status":"closed","ping_status":"closed","template":"elementor_header_footer","meta":{"spay_email":""},"_links":{"self":[{"href":"https:\/\/www.johopyro.fi\/shop\/wp-json\/wp\/v2\/pages\/4587"}],"collection":[{"href":"https:\/\/www.johopyro.fi\/shop\/wp-json\/wp\/v2\/pages"}],"about":[{"href":"https:\/\/www.johopyro.fi\/shop\/wp-json\/wp\/v2\/types\/page"}],"author":[{"embeddable":true,"href":"https:\/\/www.johopyro.fi\/shop\/wp-json\/wp\/v2\/users\/1"}],"replies":[{"embeddable":true,"href":"https:\/\/www.johopyro.fi\/shop\/wp-json\/wp\/v2\/comments?post=4587"}],"version-history":[{"count":9,"href":"https:\/\/www.johopyro.fi\/shop\/wp-json\/wp\/v2\/pages\/4587\/revisions"}],"predecessor-version":[{"id":4853,"href":"https:\/\/www.johopyro.fi\/shop\/wp-json\/wp\/v2\/pages\/4587\/revisions\/4853"}],"wp:attachment":[{"href":"https:\/\/www.johopyro.fi\/shop\/wp-json\/wp\/v2\/media?parent=4587"}],"curies":[{"name":"wp","href":"https:\/\/api.w.org\/{rel}","templated":true}]}}